{"id":1159,"date":"2021-07-15T11:03:26","date_gmt":"2021-07-15T09:03:26","guid":{"rendered":"https:\/\/ginekologijameglic.si\/ambulanta-s-koncesijo\/"},"modified":"2021-12-23T14:14:43","modified_gmt":"2021-12-23T12:14:43","slug":"ambulanta-sa-koncesijom","status":"publish","type":"page","link":"https:\/\/ginekologijameglic.si\/sr\/ambulanta-sa-koncesijom\/","title":{"rendered":"Ambulanta sa koncesijom"},"content":{"rendered":"\n<div style=\"height:90px\" aria-hidden=\"true\" class=\"wp-block-spacer\"><\/div>\n\n\n\r\n<div id=\"text-block-block_60eff9700a327\" class=\"block-text-block\">\r\n\r\n    <div class=\"flex-row flex-row--align-h-center\">\r\n\r\n        <div class=\"flex-col-md-6\">\r\n            <h1>Ambulanta sa koncesijom<\/h1>\n<p>Gradska op\u0161tina Ljubljana nam je 2019. godine podelila koncesiju koju izvodi Petra Megli\u010d, dr.med. U ekipi je tako\u0111e Marija Mezeg, dipl. babica.<br \/>\nAmbulanta je potpuno zauzeta pa nove pacijentkinje ne opredeljujemo.<br \/>\nU periodu odsutnosti lekarke nas menjaju dr. Barbara Rojnik i Katarina Gali\u010d Jerman, dr.med., u svojim ambulantama u Metelkovoj 15, Ljubljana.<\/p>\n<p><strong>Radno vreme:<br \/>\n<\/strong>Pon: 12.00- 18.30<br \/>\nUtor:\u00a0 13.00- 20.00<br \/>\nSre: 7.30- 14.00<br \/>\n\u010cet: 7.30- 14.00<br \/>\nPet: 7.30-\u00a0 13.30<\/p>\n<p><strong>Kontakt:<br \/>\n<\/strong>Tel.: 01 439 49 10<br \/>\ne-mail: <a href=\"mailto:ambulanta@ginekologijameglic.si\">ambulanta@ginekologijameglic.si<\/a><\/p>\n<p>Zbog velikog broja poziva i istovremenog rada ne mo\u017eemo da primimo sve pozive. Pi\u0161ite nam na mail i odgovori\u0107emo vam isti dan.<\/p>\n<p><strong>Informacije:<\/strong><\/p>\n<ul>\n<li>Recepte izdajemo u popodnevnim \u010dasovima do 18h, a pre podne do 13h.<\/li>\n<li>Maska za lice i dezinfekcija ruku su obavezni.<\/li>\n<li>Na ultrazvu\u010dnom pregledu mo\u017ee trudnicu da prati zdrav partner koji ispunjava uslove preboleo, vakcinisan ili testiran. Odgovaraju\u0107e dokaze proveri medicinska sestra pred ulaskom u ambulantu.<\/li>\n<\/ul>\n        <\/div>\r\n\r\n    <\/div>\r\n\r\n<\/div>\r\n","protected":false},"excerpt":{"rendered":"","protected":false},"author":1,"featured_media":0,"parent":0,"menu_order":0,"comment_status":"closed","ping_status":"closed","template":"","meta":{"_acf_changed":false,"footnotes":""},"class_list":["post-1159","page","type-page","status-publish","hentry"],"acf":[],"_links":{"self":[{"href":"https:\/\/ginekologijameglic.si\/sr\/wp-json\/wp\/v2\/pages\/1159","targetHints":{"allow":["GET"]}}],"collection":[{"href":"https:\/\/ginekologijameglic.si\/sr\/wp-json\/wp\/v2\/pages"}],"about":[{"href":"https:\/\/ginekologijameglic.si\/sr\/wp-json\/wp\/v2\/types\/page"}],"author":[{"embeddable":true,"href":"https:\/\/ginekologijameglic.si\/sr\/wp-json\/wp\/v2\/users\/1"}],"replies":[{"embeddable":true,"href":"https:\/\/ginekologijameglic.si\/sr\/wp-json\/wp\/v2\/comments?post=1159"}],"version-history":[{"count":6,"href":"https:\/\/ginekologijameglic.si\/sr\/wp-json\/wp\/v2\/pages\/1159\/revisions"}],"predecessor-version":[{"id":1324,"href":"https:\/\/ginekologijameglic.si\/sr\/wp-json\/wp\/v2\/pages\/1159\/revisions\/1324"}],"wp:attachment":[{"href":"https:\/\/ginekologijameglic.si\/sr\/wp-json\/wp\/v2\/media?parent=1159"}],"curies":[{"name":"wp","href":"https:\/\/api.w.org\/{rel}","templated":true}]}}