{"id":1174,"date":"2021-06-07T12:55:19","date_gmt":"2021-06-07T10:55:19","guid":{"rendered":"https:\/\/ginekologijameglic.si\/o-nas\/"},"modified":"2022-11-22T21:15:18","modified_gmt":"2022-11-22T19:15:18","slug":"o-nama","status":"publish","type":"page","link":"https:\/\/ginekologijameglic.si\/sr\/o-nama\/","title":{"rendered":"O nama"},"content":{"rendered":"\r\n<div id=\"underline-title-block_60bdfaa68fcb4\" class=\"block-underline-title\">\r\n\r\n    <div class=\"container flex-row flex-row--align-h-center\">\r\n\r\n        <div class=\"flex-col-md-6\">\r\n                        <h1                class=\"underline-title block-title\">\r\n                O nama            <\/h1>\r\n            <h2 class=\"underline-subtitle block-title\">\r\n                Verujte najboljima            <\/h2>\r\n        <\/div>\r\n\r\n    <\/div>\r\n\r\n<\/div>\r\n\n\n\r\n<div id=\"text-block-block_60be053ca720d\" class=\"block-text-block\">\r\n\r\n    <div class=\"flex-row flex-row--align-h-center\">\r\n\r\n        <div class=\"flex-col-md-6\">\r\n            <p>Za vas nudimo vrhunske usluge u svim \u017eivotnim periodima u intimnom i prijatnom okru\u017eenju. Svakoj \u017eeni izlazimo u susret i prilagodimo tretman jer je svaka \u017eena jedinstvena.<\/p>\n<p>Kod nas pregledi nisu neprijatni jer temeljimo na poverenju i po\u0161tovanju.<\/p>\n        <\/div>\r\n\r\n    <\/div>\r\n\r\n<\/div>\r\n\n\n\r\n\r\n\r\n<div id=\"split-block-2-block_60be1e6dd96d0\"\r\n    class=\"block-split-block-2 split-block split-block-2 left\">\r\n        <img decoding=\"async\" class=\"split-block-2__img left\"\r\n        src=\"https:\/\/ginekologijameglic.si\/wp-content\/uploads\/2021\/06\/ginekologija_meglic-20.jpg\" \/>\r\n    \r\n    <div class=\"container split-block-2__inner left\">\r\n        <div class=\"split-block-2__text flex-col-md-5\">\r\n            <h2 class=\"split-block-2__title\">\r\n                Ambulanta Petra Megli\u010d, dr. med.            <\/h2>\r\n            <h3 class=\"split-block-2__subtitle\">\r\n                            <\/h3>\r\n            <p class=\"split-block-2__description\">\r\n                <p>Mi smo uigrana i ljubazna ekipa koja suvereno vodi koncesijsku i privatnu ambulantu. Po\u0161to obe gledamo na svoj posao kao na poziv, ose\u0107a\u0107ete se prilikom na\u0161ih tretmana smireno i bezbedno.<\/p>\n<p><strong>Petra Megli\u010d, dr. med.<\/strong><br \/>\nJo\u0161 od svoje 10. godine sam znala da \u017eelim da budem ginekolog. Ne znam za\u0161to ali je tako bilo. Zato je bio moj put obrazovanja vrlo jasan i zacrtan. Gimnazija Be\u017eigrad i onda Medicinski fakultet Univerziteta u Ljubljani koji sam zavr\u0161ila 1996. godine. Ve\u0107 tokom studija sam i\u0161la na razmenu u Ukrajnu i Rusiju, a kao apsolvent medicine tako\u0111e u Zambiju, gde smo se kolege i ja prvo obrazovali u UKC Lusaka, a onda samostalno radili u misijskim bolnicama.<br \/>\n<a href=\"https:\/\/ginekologijameglic.si\/sr\/o-nama\/petra-meglic-dr-med\/\">Pro\u010ditajte vi\u0161e<\/a><\/p>\n<p><strong>Marija Mezeg &#8211; sestra<\/strong><br \/>\n\u017delja za rad sa ljudima se u meni probudila ve\u0107 u \u0161kolskim klupama i zato sam se odlu\u010dila za studiranje aku\u0161erstva na Zdravstvenom fakultetu u Ljubljani. Tokom studiranja sam dobila mnogo dragocenih iskustava. Ve\u0107inu vremena sam provela u poro\u0111ajnoj sobi, a tako\u0111e sam pratila \u017eene u toku trudno\u0107e i postporo\u0111ajnom periodu.<br \/>\nZadnjih godina se, pre svega, celokupno posve\u0107ujem \u017eenama u periodu trudno\u0107e. Pored rada u ambulanti, pi\u0161em \u010dlanke za budu\u0107e mame i pripremam on-line pripreme za poro\u0111aj. Zanimanje prema kome ose\u0107am mnogo ljubavi radim sa rado\u0161\u0107u, empatijom i zahvalno\u0161\u0107u. Verujem da sam bila ro\u0111ena za to da postanem babica.<\/p>\n            <\/p>\r\n        <\/div>\r\n\r\n        <div class=\"split-block-2__info flex-col-md-5 left\">\r\n                        \r\n            <div class=\"info-table__wrapper \">\r\n                <p class=\"info-table-text small-text bold\">Petra Megli\u010d, dr. med.<\/p>\r\n                <div class=\"info-table__left\">\r\n                                         <div class=\"info-table__cell\">\r\n                        <p class=\"info-table-text small-text\">\r\n                            Privatna ambulanta                        <\/p>\r\n                        <p class=\"info-table-text small-text bold\">\r\n                            041 480 900\r\n<a href=\"mailto:petra@ginekologijameglic.si\">petra@ginekologijameglic.si<\/a>\r\n\r\n                        <\/p>\r\n                    <\/div>\r\n\r\n                                        <div class=\"info-table__cell\">\r\n                        <p class=\"info-table-text small-text\">\r\n                            Ambulanta sa koncesijom                        <\/p>\r\n                        <p class=\"info-table-text small-text bold\">\r\n                            01 439 49 10\r\n<a href=\"mailto:ambulanta@ginekologijameglic.si\">ambulanta@ginekologijameglic.si<\/a>\r\n                        <\/p>\r\n                    <\/div>\r\n\r\n                                                        <\/div>\r\n            <\/div>\r\n                        \r\n        <\/div>\r\n    <\/div>\r\n<\/div>\n\n\r\n\r\n\r\n<div id=\"split-block-2-block_60bf39c6b7a66\"\r\n    class=\"block-split-block-2 split-block split-block-2 right\">\r\n        <img decoding=\"async\" class=\"split-block-2__img right\"\r\n        src=\"https:\/\/ginekologijameglic.si\/wp-content\/uploads\/2021\/06\/ginekologija_meglic-19.jpg\" \/>\r\n    \r\n    <div class=\"container split-block-2__inner right\">\r\n        <div class=\"split-block-2__text flex-col-md-5\">\r\n            <h2 class=\"split-block-2__title\">\r\n                Ambulanta Doc. Dr. Leon Megli\u010d            <\/h2>\r\n            <h3 class=\"split-block-2__subtitle\">\r\n                            <\/h3>\r\n            <p class=\"split-block-2__description\">\r\n                <p>Ambulanta je privatna. Uigrana ekipa ginekologa i babice radi zajdeno ve\u0107 dobrih 25 godina.<br \/>\nPored uobi\u010dajnih ginekolo\u0161kih pregleda, najvi\u0161e se posve\u0107ujemo promenama na grli\u0107u materice i spolja\u0161njem polnom organu (kolposkopija), poreme\u0107ajima statike karli\u010dnog dna (urinarna inkontinencija, cistokela, rektokela) i tumorskim promenama materice i privezaka (miomi, ciste, polipi).<br \/>\nNudimo druga mi\u0161ljenja za sve vrste ginekolo\u0161kih problema.<br \/>\nNaj\u010de\u0161\u0107e intervencije laserom su: le\u010denje urinarne inkontinencije, labave vagine, popu\u0161tanje zidova vagine i atrofije vagine. Naravno, laserom odstranjujemo kondilome i druge izrasline i le\u010dimo lihen.<br \/>\nTako\u0111e, obavljamo estetske zahvate i razli\u010dite korekcije spolja\u0161njeg polnog organa i vagine.<\/p>\n<p><strong>Doc. Dr. Leon Megli\u010d, dr. med.<\/strong><br \/>\nNakon zavr\u0161ene gimnazije i odslu\u017eenog vojnog roka sam bio primljen na Medicinski fakultet u Ljubljani gde sam diplomirao 1992.<br \/>\nOdmah sam uspeo da se zaposlim na Ginekolo\u0161koj klinici Univerzitetskog klini\u010dkog centra u Ljubljani.<br \/>\n<a href=\"https:\/\/ginekologijameglic.si\/sr\/o-nama\/doc-dr-leon-meglic-dr-med\/\">Pro\u010ditajte vi\u0161e<\/a><\/p>\n<p><strong>Vida Jelenc &#8211; babica<\/strong><br \/>\nJa sam medicinska sestra-babica koja se na ljubazan i razumljiv na\u010din odazovem na tegobe \u017eena i nudim pomo\u0107 savetima, odnosno za re\u0161enje tegoba sre\u0111ujem \u0161to br\u017ei dolazak kod specijaliste. Svoj posao obavljam sa rado\u0161\u0107u i sr\u010dano ve\u0107 skoro 40 godina tako da zaista mogu da ka\u017eem da razumem \u017eene i njihov svet.<br \/>\nSara\u0111ujem sa doc. dr. Megli\u010dem ve\u0107 25 godina i zaista smo uigrana ekipa. Prakti\u010dno nema problema koji zajedno ne bi mogli da re\u0161imo.<\/p>\n            <\/p>\r\n        <\/div>\r\n\r\n        <div class=\"split-block-2__info flex-col-md-5 right\">\r\n                        \r\n            <div class=\"info-table__wrapper row-height\">\r\n                <p class=\"info-table-text small-text bold\">Doc. Dr Leon Megli\u010d, dr., med.<\/p>\r\n                <div class=\"info-table__left\">\r\n                                         <div class=\"info-table__cell\">\r\n                        <p class=\"info-table-text small-text\">\r\n                            Privatna ambulanta                        <\/p>\r\n                        <p class=\"info-table-text small-text bold\">\r\n                            041 480 910\r\n<a href=\"mailto:leon@ginekologijameglic.si\">leon@ginekologijameglic.si<\/a>\r\n\r\n\r\n                        <\/p>\r\n                    <\/div>\r\n\r\n                                                        <\/div>\r\n            <\/div>\r\n                        \r\n        <\/div>\r\n    <\/div>\r\n<\/div>\n\n<div class=\"embed-container youtube-player\" data-id=\"43FXh7R0tQg\">\r\n    <div class=\"image-data\" data-id=\"43FXh7R0tQg\">\r\n                        <img decoding=\"async\" class=\"video-thumbnail\" src=\"https:\/\/ginekologijameglic.si\/wp-content\/uploads\/2021\/05\/video-thumb.png\"\r\n            alt=\"\" \/>\r\n                <div class=\"play\">\r\n            <img decoding=\"async\" src=\"https:\/\/ginekologijameglic.si\/wp-content\/themes\/meglic\/img\/Path-2.png\" alt=\"logo\">\r\n        <\/div>\r\n    <\/div>\r\n<\/div>\n\n\n<style type=\"text\/css\">\n#contact-block_60bf5250b7a68 {\n    \/* Add styles that use ACF values here *\/\n}\n<\/style>\n\n<div id=\"contact\" class=\"block-contact\">\n            <img decoding=\"async\" class=\"block-contact__img\" src=\"https:\/\/ginekologijameglic.si\/wp-content\/uploads\/2022\/11\/ginakologija_meglic-3-2.jpg\" \/>\n        <div class=\"container block-contact__inner\">\n        <div class=\"block-contact__right flex-col-md-5\">\n            <h2 class=\"underline-title white-line\">\n                Zaka\u017eite            <\/h2>\n            <h3 class=\"underline-subtitle\">\n                Negujte \u017eenu u sebi            <\/h3>\n            <p class=\"underline-description\">\n                Ako \u017eelite da zaka\u017eete, molimo vas da ispunite slede\u0107i obrazac.            <\/p>\n\n            \n<div class=\"wpcf7 no-js\" id=\"wpcf7-f196-o1\" lang=\"sl-SI\" dir=\"ltr\" data-wpcf7-id=\"196\">\n<div class=\"screen-reader-response\"><p role=\"status\" aria-live=\"polite\" aria-atomic=\"true\"><\/p> <ul><\/ul><\/div>\n<form action=\"\/sr\/wp-json\/wp\/v2\/pages\/1174#wpcf7-f196-o1\" method=\"post\" class=\"wpcf7-form init\" aria-label=\"Kontaktni obrazec\" novalidate=\"novalidate\" data-status=\"init\">\n<fieldset class=\"hidden-fields-container\"><input type=\"hidden\" name=\"_wpcf7\" value=\"196\" \/><input type=\"hidden\" name=\"_wpcf7_version\" value=\"6.1.5\" \/><input type=\"hidden\" name=\"_wpcf7_locale\" value=\"sl_SI\" \/><input type=\"hidden\" name=\"_wpcf7_unit_tag\" value=\"wpcf7-f196-o1\" \/><input type=\"hidden\" name=\"_wpcf7_container_post\" value=\"0\" \/><input type=\"hidden\" name=\"_wpcf7_posted_data_hash\" value=\"\" \/>\n<\/fieldset>\n<p><span class=\"wpcf7-form-control-wrap\" data-name=\"radio-boxes\"><span class=\"wpcf7-form-control wpcf7-radio\"><span class=\"wpcf7-list-item first\"><label><input type=\"radio\" name=\"radio-boxes\" value=\"Petra Megli\u010d, dr. med. zasebna ambulanta\" checked=\"checked\" \/><span class=\"wpcf7-list-item-label\">Petra Megli\u010d, dr. med. zasebna ambulanta<\/span><\/label><\/span><span class=\"wpcf7-list-item\"><label><input type=\"radio\" name=\"radio-boxes\" value=\"Dr. Leon Megli\u010d, dr. med. zasebna ambulanta\" \/><span class=\"wpcf7-list-item-label\">Dr. Leon Megli\u010d, dr. med. zasebna ambulanta<\/span><\/label><\/span><span class=\"wpcf7-list-item last\"><label><input type=\"radio\" name=\"radio-boxes\" value=\"Petra Megli\u010d, dr. med. ambulanta s koncesijo\" \/><span class=\"wpcf7-list-item-label\">Petra Megli\u010d, dr. med. ambulanta s koncesijo<\/span><\/label><\/span><\/span><\/span><br \/>\n<label> Ime in priimek*<br \/>\n<span class=\"wpcf7-form-control-wrap\" data-name=\"your-name\"><input size=\"40\" maxlength=\"400\" class=\"wpcf7-form-control wpcf7-text wpcf7-validates-as-required\" aria-required=\"true\" aria-invalid=\"false\" placeholder=\"Va\u0161e ime in priimek\" value=\"\" type=\"text\" name=\"your-name\" \/><\/span> <\/label>\n<\/p>\n<p><label> e - po\u0161tni naslov*<br \/>\n<span class=\"wpcf7-form-control-wrap\" data-name=\"your-email\"><input size=\"40\" maxlength=\"400\" class=\"wpcf7-form-control wpcf7-email wpcf7-validates-as-required wpcf7-text wpcf7-validates-as-email\" aria-required=\"true\" aria-invalid=\"false\" placeholder=\"Va\u0161 e - po\u0161tni naslov\" value=\"\" type=\"email\" name=\"your-email\" \/><\/span> <\/label>\n<\/p>\n<p><label> Sporo\u010dilo*<br \/>\n<span class=\"wpcf7-form-control-wrap\" data-name=\"your-message\"><textarea cols=\"40\" rows=\"10\" maxlength=\"2000\" class=\"wpcf7-form-control wpcf7-textarea wpcf7-validates-as-required\" aria-required=\"true\" aria-invalid=\"false\" placeholder=\"Vnesite svoje sporo\u010dilo\" name=\"your-message\"><\/textarea><\/span> <\/label>\n<\/p>\n<p><span class=\"wpcf7-form-control-wrap\" data-name=\"your-consent\"><span class=\"wpcf7-form-control wpcf7-acceptance\"><span class=\"wpcf7-list-item\"><label><input type=\"checkbox\" name=\"your-consent\" value=\"1\" aria-invalid=\"false\" \/><span class=\"wpcf7-list-item-label\">Strinjam se s pogoji GDPR o varovanju osebnih podatkov.<\/span><\/label><\/span><\/span><\/span>\n<\/p>\n<p><input class=\"wpcf7-form-control wpcf7-submit has-spinner\" type=\"submit\" value=\"Po\u0161lji sporo\u010dilo\" \/>\n<\/p><input type='hidden' class='wpcf7-pum' value='{\"closepopup\":false,\"closedelay\":0,\"openpopup\":false,\"openpopup_id\":0}' \/><div class=\"wpcf7-response-output\" aria-hidden=\"true\"><\/div>\n<\/form>\n<\/div>\n        <\/div>\n\n    <\/div>\n\n<\/div>\n\n\n\r\n<style type=\"text\/css\">\r\n#google-map-block_60bf52e9b7a69 {\r\n    \/* Add styles that use ACF values here *\/\r\n}\r\n<\/style>\r\n\r\n<div id=\"google-map-block_60bf52e9b7a69\" class=\"block-google-map\">\r\n\r\n    \r\n        <div class=\"acf-map\" data-zoom=\"12\">\r\n        <div class=\"marker\" data-lat=\"46.0569977\"\r\n            data-lng=\"14.5154747\"><\/div>\r\n    <\/div>\r\n    <\/div>\r\n\r\n<\/div>","protected":false},"excerpt":{"rendered":"","protected":false},"author":1,"featured_media":0,"parent":0,"menu_order":0,"comment_status":"closed","ping_status":"closed","template":"","meta":{"_acf_changed":false,"footnotes":""},"class_list":["post-1174","page","type-page","status-publish","hentry"],"acf":[],"_links":{"self":[{"href":"https:\/\/ginekologijameglic.si\/sr\/wp-json\/wp\/v2\/pages\/1174","targetHints":{"allow":["GET"]}}],"collection":[{"href":"https:\/\/ginekologijameglic.si\/sr\/wp-json\/wp\/v2\/pages"}],"about":[{"href":"https:\/\/ginekologijameglic.si\/sr\/wp-json\/wp\/v2\/types\/page"}],"author":[{"embeddable":true,"href":"https:\/\/ginekologijameglic.si\/sr\/wp-json\/wp\/v2\/users\/1"}],"replies":[{"embeddable":true,"href":"https:\/\/ginekologijameglic.si\/sr\/wp-json\/wp\/v2\/comments?post=1174"}],"version-history":[{"count":7,"href":"https:\/\/ginekologijameglic.si\/sr\/wp-json\/wp\/v2\/pages\/1174\/revisions"}],"predecessor-version":[{"id":1487,"href":"https:\/\/ginekologijameglic.si\/sr\/wp-json\/wp\/v2\/pages\/1174\/revisions\/1487"}],"wp:attachment":[{"href":"https:\/\/ginekologijameglic.si\/sr\/wp-json\/wp\/v2\/media?parent=1174"}],"curies":[{"name":"wp","href":"https:\/\/api.w.org\/{rel}","templated":true}]}}