{"id":1180,"date":"2021-06-09T12:00:52","date_gmt":"2021-06-09T10:00:52","guid":{"rendered":"https:\/\/ginekologijameglic.si\/o-nama\/doc-dr-leon-meglic-dr-med\/"},"modified":"2025-02-03T19:35:33","modified_gmt":"2025-02-03T17:35:33","slug":"doc-dr-leon-meglic-dr-med","status":"publish","type":"page","link":"https:\/\/ginekologijameglic.si\/sr\/o-nama\/doc-dr-leon-meglic-dr-med\/","title":{"rendered":"Doc. Dr. Leon Megli\u010d, dr. med."},"content":{"rendered":"\r\n<style type=\"text\/css\">\r\n#profile-image-block-block_60c0911cdb8ee {\r\n    \/* Add styles that use ACF values here *\/\r\n}\r\n<\/style>\r\n\r\n<div id=\"profile-image-block-block_60c0911cdb8ee\" class=\"block-profile-image-block\">\r\n    <div class=\"container flex-row flex-row--align-h-center\">\r\n        <div class=\"about-cards__single flex-col-md-4\">\r\n                        <img decoding=\"async\" class=\"profile-image\" src=\"https:\/\/ginekologijameglic.si\/wp-content\/uploads\/2022\/12\/drLeonMeglic-2.jpg\" \/>\r\n                        <h4 class=\"profile-name\">Dr. Leon Megli\u010d, dr. med.<\/h4>\r\n            <p class=\"profile-description\">Privatna ambulanta            <\/p>\r\n        <\/div>\r\n    <\/div>\r\n<\/div>\n\n\r\n<div id=\"text-block-block_60c09135db8ef\" class=\"block-text-block\">\r\n\r\n    <div class=\"flex-row flex-row--align-h-center\">\r\n\r\n        <div class=\"flex-col-md-6\">\r\n            <p>Pomagati drugima je bio moj moto ve\u0107 od detinjstva. Povre\u0111ene ptice, ostavljene ma\u010dke i bube bez nekih delova &#8211; svi bi oni na\u0161li uto\u010di\u0161te kod mene.<br \/>\nKasnije sam sa rado\u0161\u0107u \u010distio ranice i lepio flastere svojim prijateljima iz dvori\u0161ta.<br \/>\nNa po\u010detku osnovne \u0161kole sam ve\u0107 \u017eeleo da postanem lekar. U sedmom razredu osnovne \u0161kole, kada sam prvi put video kotenje ma\u010dke, sam znao da \u017eelim da budem ginekolog.<\/p>\n<p>Nakon zavr\u0161ene gimnazije i odslu\u017eenog vojnog roka sam bio primljen na Medicinski fakultet u Ljubljani gde sam diplomirao 1992.<br \/>\nOdmah sam uspeo da se zaposlim na Ginekolo\u0161koj klinici Univerzitetskog klini\u010dkog centra u Ljubljani.<br \/>\nTamo sam magistrirao 1995., a 1998. sam zavr\u0161io specijalizaciju iz ginekologije i porodiljstva. Tako sam mogao da se zaposlim na Klini\u010dkom odeljenju za ginekologiju. Potom sam 2000. uspe\u0161no odbranio doktorsku disertaciju.<br \/>\nTime svakako mom obrazovanju nije bio kraj, pa sam i\u0161ao po znanje od Amerike i Kanade do Francuske i Norve\u0161ke. Te\u017ei\u0161te znanja i rada je bilo i ostalo u naprednoj ginekolo\u0161ko onkolo\u0161koj hirurgiji i u bolestima povezanim sa infekcijom virusom HPV. Zaposlen sam kao \u0161ef ginekologije u UKC Ljubljana.<\/p>\n<p>Na Medicinskom fakultetu u Ljubljani sam bio izglasan za naziv docenta, a predajem i dva predmeta \u2013 Prvu pomo\u0107 i naravno Ginekologiju i porodiljstvo.<br \/>\nJa sam autor i koautor brojnih stru\u010dnih \u010dlanaka koji su objavljeni u uglednim \u010dasopisima u inostranstvu i autor poglavlja vi\u0161e ud\u017ebenika i stru\u010dnih knjiga.<br \/>\nAktivan sam \u010dlan ve\u0107ine stru\u010dnih udru\u017eenja u Sloveniji i predajem na brojnim stu\u010dnim doga\u0111ajima kod ku\u0107e i u inostranstvu.<\/p>\n<p>I uprkos svemu navedenom je rad u na\u0161oj ambulanti ne\u0161to \u0161to me dodatno ispunjava. Shvatam da imam dovoljno vremena da se na\u0161im pacijentkinjama zaista posvetim i tako povratim ose\u0107aj poverenja u odnos pacijent \u2013 lekar. Na taj na\u010din je svaka terapija manje zastra\u0161uju\u0107a i istovremeno uspe\u0161nija.<\/p>\n        <\/div>\r\n\r\n    <\/div>\r\n\r\n<\/div>\r\n\n\n\r\n<div id=\"custom-image-block-block_63ac1a517c8c0\" class=\"block-custom-image-block\">\r\n    <div class=\"container flex-row flex-row--align-h-center\">\r\n        <div class=\"flex-col-md-6\">\r\n            <img loading=\"lazy\" decoding=\"async\" width=\"1176\" height=\"784\" src=\"https:\/\/ginekologijameglic.si\/wp-content\/uploads\/2022\/12\/drLeonMeglic2-2-1176x784.jpg\" class=\"attachment-custom-image-block size-custom-image-block\" alt=\"\" srcset=\"https:\/\/ginekologijameglic.si\/wp-content\/uploads\/2022\/12\/drLeonMeglic2-2-1176x784.jpg 1176w, https:\/\/ginekologijameglic.si\/wp-content\/uploads\/2022\/12\/drLeonMeglic2-2-300x200.jpg 300w, https:\/\/ginekologijameglic.si\/wp-content\/uploads\/2022\/12\/drLeonMeglic2-2-1024x683.jpg 1024w, https:\/\/ginekologijameglic.si\/wp-content\/uploads\/2022\/12\/drLeonMeglic2-2-768x512.jpg 768w, https:\/\/ginekologijameglic.si\/wp-content\/uploads\/2022\/12\/drLeonMeglic2-2-1536x1024.jpg 1536w, https:\/\/ginekologijameglic.si\/wp-content\/uploads\/2022\/12\/drLeonMeglic2-2.jpg 1600w\" sizes=\"auto, (max-width: 1176px) 100vw, 1176px\" \/>        <\/div>\r\n    <\/div>\r\n<\/div>","protected":false},"excerpt":{"rendered":"","protected":false},"author":1,"featured_media":0,"parent":1174,"menu_order":0,"comment_status":"closed","ping_status":"closed","template":"","meta":{"_acf_changed":false,"footnotes":""},"class_list":["post-1180","page","type-page","status-publish","hentry"],"acf":[],"_links":{"self":[{"href":"https:\/\/ginekologijameglic.si\/sr\/wp-json\/wp\/v2\/pages\/1180","targetHints":{"allow":["GET"]}}],"collection":[{"href":"https:\/\/ginekologijameglic.si\/sr\/wp-json\/wp\/v2\/pages"}],"about":[{"href":"https:\/\/ginekologijameglic.si\/sr\/wp-json\/wp\/v2\/types\/page"}],"author":[{"embeddable":true,"href":"https:\/\/ginekologijameglic.si\/sr\/wp-json\/wp\/v2\/users\/1"}],"replies":[{"embeddable":true,"href":"https:\/\/ginekologijameglic.si\/sr\/wp-json\/wp\/v2\/comments?post=1180"}],"version-history":[{"count":6,"href":"https:\/\/ginekologijameglic.si\/sr\/wp-json\/wp\/v2\/pages\/1180\/revisions"}],"predecessor-version":[{"id":2223,"href":"https:\/\/ginekologijameglic.si\/sr\/wp-json\/wp\/v2\/pages\/1180\/revisions\/2223"}],"up":[{"embeddable":true,"href":"https:\/\/ginekologijameglic.si\/sr\/wp-json\/wp\/v2\/pages\/1174"}],"wp:attachment":[{"href":"https:\/\/ginekologijameglic.si\/sr\/wp-json\/wp\/v2\/media?parent=1180"}],"curies":[{"name":"wp","href":"https:\/\/api.w.org\/{rel}","templated":true}]}}