{"id":1201,"date":"2021-07-06T11:05:17","date_gmt":"2021-07-06T09:05:17","guid":{"rendered":"https:\/\/ginekologijameglic.si\/usluge\/3d-4d-ultrazvok\/"},"modified":"2021-12-22T18:51:01","modified_gmt":"2021-12-22T16:51:01","slug":"3d-4d-ultrazvuk","status":"publish","type":"page","link":"https:\/\/ginekologijameglic.si\/sr\/usluge\/3d-4d-ultrazvuk\/","title":{"rendered":"3D\/4D ultrazvuk"},"content":{"rendered":"\r\n<div id=\"underline-title-block_60c0925486a78\" class=\"block-underline-title\">\r\n\r\n    <div class=\"container flex-row flex-row--align-h-center\">\r\n\r\n        <div class=\"flex-col-md-6\">\r\n                        <h2                class=\"underline-title block-title\">\r\n                Usluge            <\/h2>\r\n            <h3 class=\"underline-subtitle block-title\">\r\n                3D\/4D ultrazvuk            <\/h3>\r\n        <\/div>\r\n\r\n    <\/div>\r\n\r\n<\/div>\r\n\n\n\r\n<div id=\"text-block-block_60c0927986a79\" class=\"block-text-block\">\r\n\r\n    <div class=\"flex-row flex-row--align-h-center\">\r\n\r\n        <div class=\"flex-col-md-6\">\r\n            <p>Pregled savetujemo izme\u0111u 24. i 33. nedelje trudno\u0107e. Kasnije mo\u017ee da bude izvo\u0111enje te metode, zbog ve\u0107eg ploda i manje koli\u010dine plodove vode, te\u017ea ili \u010dak nemogu\u0107a. Za kvalitet pregleda je vrlo bitan polo\u017eaj ploda.<\/p>\n<p>Proverimo:<\/p>\n<ul>\n<li>rast ploda: merenje \u0161irine i obima glave, trbuha i du\u017eine butne kosti<\/li>\n<li>razvoj ploda<\/li>\n<li>uslovi u kojima se nalazi plod: posteljica, koli\u010dina plodove vode, protoci kroz krvne sudove<\/li>\n<li>nakon 30. nedelje trudno\u0107e mo\u017eemo da predvidimo poro\u0111ajnu te\u017einu<\/li>\n<li>snimimo slike i kratke slike va\u0161eg deteta<\/li>\n<\/ul>\n        <\/div>\r\n\r\n    <\/div>\r\n\r\n<\/div>\r\n\n\n\n<figure class=\"wp-block-gallery aligncenter columns-3 is-cropped container flex-row flex-row--align-h-center wp-block-gallery-1 is-layout-flex wp-block-gallery-is-layout-flex\"><ul class=\"blocks-gallery-grid\"><li class=\"blocks-gallery-item\"><figure><img loading=\"lazy\" decoding=\"async\" width=\"640\" height=\"480\" src=\"https:\/\/ginekologijameglic.si\/wp-content\/uploads\/2021\/07\/3d1.jpeg\" alt=\"\" data-id=\"690\" data-full-url=\"https:\/\/ginekologijameglic.si\/wp-content\/uploads\/2021\/07\/3d1.jpeg\" data-link=\"https:\/\/ginekologijameglic.si\/storitve\/3d-4d-ultrazvok\/3d1\/\" class=\"wp-image-690\" srcset=\"https:\/\/ginekologijameglic.si\/wp-content\/uploads\/2021\/07\/3d1.jpeg 640w, https:\/\/ginekologijameglic.si\/wp-content\/uploads\/2021\/07\/3d1-300x225.jpeg 300w\" sizes=\"auto, (max-width: 640px) 100vw, 640px\" \/><\/figure><\/li><li class=\"blocks-gallery-item\"><figure><img loading=\"lazy\" decoding=\"async\" width=\"640\" height=\"480\" src=\"https:\/\/ginekologijameglic.si\/wp-content\/uploads\/2021\/07\/3d2.jpeg\" alt=\"\" data-id=\"691\" data-full-url=\"https:\/\/ginekologijameglic.si\/wp-content\/uploads\/2021\/07\/3d2.jpeg\" data-link=\"https:\/\/ginekologijameglic.si\/storitve\/3d-4d-ultrazvok\/3d2\/\" class=\"wp-image-691\" srcset=\"https:\/\/ginekologijameglic.si\/wp-content\/uploads\/2021\/07\/3d2.jpeg 640w, https:\/\/ginekologijameglic.si\/wp-content\/uploads\/2021\/07\/3d2-300x225.jpeg 300w\" sizes=\"auto, (max-width: 640px) 100vw, 640px\" \/><\/figure><\/li><li class=\"blocks-gallery-item\"><figure><img loading=\"lazy\" decoding=\"async\" width=\"640\" height=\"365\" src=\"https:\/\/ginekologijameglic.si\/wp-content\/uploads\/2021\/07\/LULI.jpeg\" alt=\"\" data-id=\"692\" data-full-url=\"https:\/\/ginekologijameglic.si\/wp-content\/uploads\/2021\/07\/LULI.jpeg\" data-link=\"https:\/\/ginekologijameglic.si\/storitve\/3d-4d-ultrazvok\/luli\/\" class=\"wp-image-692\" srcset=\"https:\/\/ginekologijameglic.si\/wp-content\/uploads\/2021\/07\/LULI.jpeg 640w, https:\/\/ginekologijameglic.si\/wp-content\/uploads\/2021\/07\/LULI-300x171.jpeg 300w\" sizes=\"auto, (max-width: 640px) 100vw, 640px\" \/><\/figure><\/li><\/ul><\/figure>\n","protected":false},"excerpt":{"rendered":"","protected":false},"author":2,"featured_media":0,"parent":1197,"menu_order":0,"comment_status":"closed","ping_status":"closed","template":"","meta":{"_acf_changed":false,"footnotes":""},"class_list":["post-1201","page","type-page","status-publish","hentry"],"acf":[],"_links":{"self":[{"href":"https:\/\/ginekologijameglic.si\/sr\/wp-json\/wp\/v2\/pages\/1201","targetHints":{"allow":["GET"]}}],"collection":[{"href":"https:\/\/ginekologijameglic.si\/sr\/wp-json\/wp\/v2\/pages"}],"about":[{"href":"https:\/\/ginekologijameglic.si\/sr\/wp-json\/wp\/v2\/types\/page"}],"author":[{"embeddable":true,"href":"https:\/\/ginekologijameglic.si\/sr\/wp-json\/wp\/v2\/users\/2"}],"replies":[{"embeddable":true,"href":"https:\/\/ginekologijameglic.si\/sr\/wp-json\/wp\/v2\/comments?post=1201"}],"version-history":[{"count":2,"href":"https:\/\/ginekologijameglic.si\/sr\/wp-json\/wp\/v2\/pages\/1201\/revisions"}],"predecessor-version":[{"id":1205,"href":"https:\/\/ginekologijameglic.si\/sr\/wp-json\/wp\/v2\/pages\/1201\/revisions\/1205"}],"up":[{"embeddable":true,"href":"https:\/\/ginekologijameglic.si\/sr\/wp-json\/wp\/v2\/pages\/1197"}],"wp:attachment":[{"href":"https:\/\/ginekologijameglic.si\/sr\/wp-json\/wp\/v2\/media?parent=1201"}],"curies":[{"name":"wp","href":"https:\/\/api.w.org\/{rel}","templated":true}]}}