{"id":1207,"date":"2021-07-06T11:07:54","date_gmt":"2021-07-06T09:07:54","guid":{"rendered":"https:\/\/ginekologijameglic.si\/usluge\/cepljenje-proti-hpv\/"},"modified":"2021-12-23T12:43:27","modified_gmt":"2021-12-23T10:43:27","slug":"vakcinacija-protiv-hpv","status":"publish","type":"page","link":"https:\/\/ginekologijameglic.si\/sr\/usluge\/vakcinacija-protiv-hpv\/","title":{"rendered":"Vakcinacija protiv HPV"},"content":{"rendered":"\r\n<div id=\"underline-title-block_60c0925486a78\" class=\"block-underline-title\">\r\n\r\n    <div class=\"container flex-row flex-row--align-h-center\">\r\n\r\n        <div class=\"flex-col-md-6\">\r\n                        <h2                class=\"underline-title block-title\">\r\n                Usluge            <\/h2>\r\n            <h3 class=\"underline-subtitle block-title\">\r\n                Vakcinacija protiv HPV            <\/h3>\r\n        <\/div>\r\n\r\n    <\/div>\r\n\r\n<\/div>\r\n\n\n\r\n<div id=\"text-block-block_60c0927986a79\" class=\"block-text-block\">\r\n\r\n    <div class=\"flex-row flex-row--align-h-center\">\r\n\r\n        <div class=\"flex-col-md-6\">\r\n            <p><strong>HPV<\/strong><\/p>\n<ul>\n<li>humani papiloma virus (HPV) je naziv za porodicu virusa koji mogu da inficiraju ko\u017eu i sluzoko\u017ee koje se grani\u010de sa spolja\u0161njim svetom \u2013 usta, \u017edrelo, grli\u0107 materice (materi\u010dni vrat) i analni otvor. Postoji vi\u0161e od 220 razli\u010ditih genotipova HPV<\/li>\n<li>razli\u010diti tipovi virusa su, u odnosu na to koje vrste problema prouzrokuju, pojednostavljeno razvrstani u dve grupe: visoko rizi\u010dni i nisko rzi\u010dni HPV<\/li>\n<li>visokorizi\u010dni genotipovi su: 16, 18, 45, 31, 33, 35, 39, 51, 52, 56, 58, 59 i prouzrokuju prekancerozne i kancerozne promene grli\u0107a materice, rak anusa, rak vagine i spolja\u0161njeg polnog organa, rak penisa i rak grla<\/li>\n<li>niskorizi\u010dni genotipovi su: 6 i 11 i povezani su sa skoro svim primerima anogenitalnih bradavica i papiloma grla, a mogu da prouzrokuju bradavice i na drugim mestima po ko\u017ei<\/li>\n<li>virusi se nalaze na ko\u017ei polnog organa ili u okolini<\/li>\n<li>od 10 ljudi, vi\u0161e od 8 ih se inficira u svom \u017eivotu. U ve\u0107ini primera infekcije virus ne prozrokuje probleme ili \u0161tetu jer se imuni sistem oslobodi infekcije<\/li>\n<li>mogu\u0107e je da se \u010dovek zarazi sa razli\u010ditim tipovima HPV<\/li>\n<li>za zapaljenje je osetljivija osoba sa oslabljenim imunskim sistemom<\/li>\n<li>osobe koje su zara\u017eene sa HPV u ve\u0107ini slu\u010dajeva uop\u0161te ne znaju da su zara\u017eene<\/li>\n<li>kod ve\u0107ine \u017eena (90%) infekcija spontano pro\u0111e nakon 8 do 12 meseci<\/li>\n<li>Kod nekih \u017eena (10%) mo\u017ee da se razvije perzistentna (trajna) infekcija sa HPV. Kod takvih je ve\u0107i rizik za razvoj te\u017eih prekanceroznih promena i raka grli\u0107a materice.<\/li>\n<\/ul>\n<p><strong><br \/>\nPosledice infekcije sa HPV<\/strong><\/p>\n<ul>\n<li>prekancerozne i kancerozne promene grli\u0107a materice<\/li>\n<li>genitalne bradavice koje su ko\u017ene promene na podru\u010diju polnog organa<\/li>\n<li>ko\u017ene bradavice<\/li>\n<li>rak vagine ili spolja\u0161njeg polnog organa (vrlo retki oblici raka)<\/li>\n<li>rak anusa<\/li>\n<li>rak penisa<\/li>\n<li>rak vrata i glave<\/li>\n<li>papilomi glasnih \u017eica i \u017edrela.<\/li>\n<\/ul>\n        <\/div>\r\n\r\n    <\/div>\r\n\r\n<\/div>\r\n\n\n\n<div style=\"height:50px\" aria-hidden=\"true\" class=\"wp-block-spacer\"><\/div>\n\n\n\r\n<div id=\"text-block-block_60e41d90629ea\" class=\"block-text-block\">\r\n\r\n    <div class=\"flex-row flex-row--align-h-center\">\r\n\r\n        <div class=\"flex-col-md-6\">\r\n            <p><strong>Vakcinacija protiv HPV<\/strong><\/p>\n<ul>\n<li>Upotreba kondoma u toku polnog odnosa mo\u017ee da smanji verovatno\u0107u infekcije sa HPV. Po\u0161to kondom ne pokriva u celosti podru\u010dija polnog organa, mogu\u010da je infekcija sa HPV uprkos upotrebi kondoma.<\/li>\n<li>Nakon prirodne infekcije nastaju anti-HPV antitela koja ne \u0161tite potpuno od ponovljene infekcije sa istim genotipom i ne \u0161tite unakrsno od infekcija sa drugim genotipovima HPV, <strong>za razliku od anti-HPV antitela nastalih vakcinacijom<\/strong>.<\/li>\n<\/ul>\n<p>ZATO JE JEDINA ZAISTA EFIKASNA PREVENTIVA VAKCINACIJA<\/p>\n<ul>\n<li>V Sloveniji od 2007. redovno vakcini\u0161emo devoj\u010dice 6. razreda \u010detvorovalentnom vakcinom (4vHPV): 6, 11, 16 i 18<\/li>\n<li>Od 2015. devetovalentnom vakcinom (9vHPV): 6, 11, 16, 18, 31, 33, 45, 52 i 58<\/li>\n<li>Od septembra 2021. tako\u0111e vakcini\u0161emo de\u010dake 6. razreda devetovalentnom vakcinom (9vHPV): 6, 11, 16, 18, 31, 33, 45, 52 in 58<\/li>\n<\/ul>\n<p>ZA\u0160TO VAKCINI\u0160EMO U 6. RAZREDU?<\/p>\n<ul>\n<li>Jer je imunski odgovor na vakcinu (samim tim i efikasnost) najve\u0107i kod 11 i 12- godi\u0161nje dece<\/li>\n<li>Jer tada jo\u0161 uvek nemaju polne odnose, dok sa 14 godina ima polne odnose ve\u0107 15%, a sa 16 godina 39%. Za prenos HPV je dovoljan samo kontakt ko\u017ee na ko\u017eu dok \u00bbpravi\u00ab polni odnos uop\u0161te nije potreban!<\/li>\n<li>Jer su do tada bili preventivni pregledi<\/li>\n<\/ul>\n<p>KO TREBA DA SE VAKCINI\u0160E?<\/p>\n<ul>\n<li>Deca v 6. razredu<\/li>\n<li>Mladi do 1. godine fakulteta (nakon 15. godine su potrebne 3 doze)<\/li>\n<li>Sve \u017eene koje nemaju stalnog partnera, koje nemaju poverenja u stalnog partnera, koje imaju pored stalnog partnera i druge partnere<\/li>\n<li>\u017dene koje su imale bar jednu epizodu pojavljivanja genitalnih bradavica \u2013 kondiloma<\/li>\n<li>\u017dene koje su ve\u0107 imale predkancerozne promene na grli\u0107u materice (PIL-VS, CIN II i CIN III) zbog kojih su bile le\u010dene. Mogu\u0107nost da se opet pojavi bolest se nakon vakcinacije smanji za 80%!<\/li>\n<li>Mu\u0161karci koji imaju istopolne veze i mu\u0161karci koji bi mogli da budu prenosioci HPV<\/li>\n<\/ul>\n<p>NE\u017dELJENI EFEKTI VAKCINACIJE<\/p>\n<ul>\n<li>Crvenilo i otok na mestu vakcinacije<\/li>\n<li>Bol na mestu vakcinacije<\/li>\n<li>Reakcije preosetljivosti su izuzetno retke<\/li>\n<li>Nije bilo te\u017eih reakcija ili \u010dak smrti povezanih sa vakcinacijom<\/li>\n<\/ul>\n<p>EFEKTI VAKCINACIJE<\/p>\n<ul>\n<li>Vakcinacija dece u 6. razredu doprinosi potpunom spre\u010davanju razvoja genitalnih bradavica, prekanceroznih i kanceroznih promena na grli\u0107u materice kao i 70-90% prekanceroznih i kanceroznih promena anusa i vagine, 40% vulve, 47% penisa i 25-30% usnog dela \u017edrela<\/li>\n<li>Za 80% se smanji mogu\u0107nost ponovnog pojavljivanja prekanceroznih promena grli\u0107a materice nakon hirur\u0161kog le\u010denja<\/li>\n<li>Smanjenje prekanceroznih i kanceroznih promena grli\u0107a materice u populaciji na apsolutni minimum<\/li>\n<\/ul>\n<p>KASNIJA VAKCINACIJA (na teret ZZZS)<\/p>\n<ul>\n<li>Vakcinaciju protiv HPV su propustile devojke koje su poha\u0111ale 6. razred u \u0161kolskoj godini 2009\/10 (godi\u0161ta 1998) ili kasnije i jo\u0161 nisu bile vakcinisane protiv HPV-a. Sve rutinske vakcinacije obavljaju pedijatri i \u0161kolski lekari (tako\u0111e studentski lekari), a isto va\u017ei za kasniju vakcinaciju koja se obavi prvi slede\u0107i sistematski pregled<\/li>\n<li>Vakcinaciju mo\u017ee da obavi i izabrani ginekolog<\/li>\n<\/ul>\n        <\/div>\r\n\r\n    <\/div>\r\n\r\n<\/div>\r\n","protected":false},"excerpt":{"rendered":"","protected":false},"author":2,"featured_media":0,"parent":1197,"menu_order":0,"comment_status":"closed","ping_status":"closed","template":"","meta":{"_acf_changed":false,"footnotes":""},"class_list":["post-1207","page","type-page","status-publish","hentry"],"acf":[],"_links":{"self":[{"href":"https:\/\/ginekologijameglic.si\/sr\/wp-json\/wp\/v2\/pages\/1207","targetHints":{"allow":["GET"]}}],"collection":[{"href":"https:\/\/ginekologijameglic.si\/sr\/wp-json\/wp\/v2\/pages"}],"about":[{"href":"https:\/\/ginekologijameglic.si\/sr\/wp-json\/wp\/v2\/types\/page"}],"author":[{"embeddable":true,"href":"https:\/\/ginekologijameglic.si\/sr\/wp-json\/wp\/v2\/users\/2"}],"replies":[{"embeddable":true,"href":"https:\/\/ginekologijameglic.si\/sr\/wp-json\/wp\/v2\/comments?post=1207"}],"version-history":[{"count":4,"href":"https:\/\/ginekologijameglic.si\/sr\/wp-json\/wp\/v2\/pages\/1207\/revisions"}],"predecessor-version":[{"id":1231,"href":"https:\/\/ginekologijameglic.si\/sr\/wp-json\/wp\/v2\/pages\/1207\/revisions\/1231"}],"up":[{"embeddable":true,"href":"https:\/\/ginekologijameglic.si\/sr\/wp-json\/wp\/v2\/pages\/1197"}],"wp:attachment":[{"href":"https:\/\/ginekologijameglic.si\/sr\/wp-json\/wp\/v2\/media?parent=1207"}],"curies":[{"name":"wp","href":"https:\/\/api.w.org\/{rel}","templated":true}]}}