{"id":1225,"date":"2021-07-25T12:25:44","date_gmt":"2021-07-25T10:25:44","guid":{"rendered":"https:\/\/ginekologijameglic.si\/usluge\/copy-morfologija\/"},"modified":"2021-12-23T12:31:33","modified_gmt":"2021-12-23T10:31:33","slug":"potvrda-trudnoce-morfologija-ploda-i-kontrola-rasti","status":"publish","type":"page","link":"https:\/\/ginekologijameglic.si\/sr\/usluge\/potvrda-trudnoce-morfologija-ploda-i-kontrola-rasti\/","title":{"rendered":"Potvrda trudno\u0107e, morfologija ploda i kontrola rasti"},"content":{"rendered":"\r\n<div id=\"underline-title-block_60fd3c9caaef0\" class=\"block-underline-title\">\r\n\r\n    <div class=\"container flex-row flex-row--align-h-center\">\r\n\r\n        <div class=\"flex-col-md-6\">\r\n                        <h2                class=\"underline-title block-title\">\r\n                Usluge            <\/h2>\r\n            <h3 class=\"underline-subtitle block-title\">\r\n                Potvrda trudno\u0107e, morfologija ploda i kontrola rasti            <\/h3>\r\n        <\/div>\r\n\r\n    <\/div>\r\n\r\n<\/div>\r\n\n\n\r\n<div id=\"text-block-block_60fd3cc0aaef1\" class=\"block-text-block\">\r\n\r\n    <div class=\"flex-row flex-row--align-h-center\">\r\n\r\n        <div class=\"flex-col-md-6\">\r\n            <h2><strong>Potvrda trudno\u0107e<\/strong><\/h2>\n        <\/div>\r\n\r\n    <\/div>\r\n\r\n<\/div>\r\n\n\n\n<figure class=\"wp-block-gallery columns-3 is-cropped container flex-row flex-row--align-h-center wp-block-gallery-1 is-layout-flex wp-block-gallery-is-layout-flex\"><ul class=\"blocks-gallery-grid\"><li class=\"blocks-gallery-item\"><figure><img loading=\"lazy\" decoding=\"async\" width=\"640\" height=\"480\" src=\"https:\/\/ginekologijameglic.si\/wp-content\/uploads\/2021\/07\/zn.jpeg\" alt=\"\" data-id=\"679\" data-full-url=\"https:\/\/ginekologijameglic.si\/wp-content\/uploads\/2021\/07\/zn.jpeg\" data-link=\"https:\/\/ginekologijameglic.si\/storitve\/morfologija-in-kontrola-rasti-ploda\/zn\/\" class=\"wp-image-679\" srcset=\"https:\/\/ginekologijameglic.si\/wp-content\/uploads\/2021\/07\/zn.jpeg 640w, https:\/\/ginekologijameglic.si\/wp-content\/uploads\/2021\/07\/zn-300x225.jpeg 300w\" sizes=\"auto, (max-width: 640px) 100vw, 640px\" \/><\/figure><\/li><li class=\"blocks-gallery-item\"><figure><img loading=\"lazy\" decoding=\"async\" width=\"640\" height=\"480\" src=\"https:\/\/ginekologijameglic.si\/wp-content\/uploads\/2021\/07\/ZGNOS_2.jpeg\" alt=\"\" data-id=\"670\" data-full-url=\"https:\/\/ginekologijameglic.si\/wp-content\/uploads\/2021\/07\/ZGNOS_2.jpeg\" data-link=\"https:\/\/ginekologijameglic.si\/storitve\/morfologija-in-kontrola-rasti-ploda\/zgnos_2\/\" class=\"wp-image-670\" srcset=\"https:\/\/ginekologijameglic.si\/wp-content\/uploads\/2021\/07\/ZGNOS_2.jpeg 640w, https:\/\/ginekologijameglic.si\/wp-content\/uploads\/2021\/07\/ZGNOS_2-300x225.jpeg 300w\" sizes=\"auto, (max-width: 640px) 100vw, 640px\" \/><\/figure><\/li><li class=\"blocks-gallery-item\"><figure><img loading=\"lazy\" decoding=\"async\" width=\"640\" height=\"480\" src=\"https:\/\/ginekologijameglic.si\/wp-content\/uploads\/2021\/07\/ZGODNJA-NOSECNOST_3.jpeg\" alt=\"\" data-id=\"675\" data-full-url=\"https:\/\/ginekologijameglic.si\/wp-content\/uploads\/2021\/07\/ZGODNJA-NOSECNOST_3.jpeg\" data-link=\"https:\/\/ginekologijameglic.si\/storitve\/morfologija-in-kontrola-rasti-ploda\/zgodnja-nosecnost_3\/\" class=\"wp-image-675\" srcset=\"https:\/\/ginekologijameglic.si\/wp-content\/uploads\/2021\/07\/ZGODNJA-NOSECNOST_3.jpeg 640w, https:\/\/ginekologijameglic.si\/wp-content\/uploads\/2021\/07\/ZGODNJA-NOSECNOST_3-300x225.jpeg 300w\" sizes=\"auto, (max-width: 640px) 100vw, 640px\" \/><\/figure><\/li><\/ul><\/figure>\n\n\n\r\n<div id=\"text-block-block_60fd3d19aaef2\" class=\"block-text-block\">\r\n\r\n    <div class=\"flex-row flex-row--align-h-center\">\r\n\r\n        <div class=\"flex-col-md-6\">\r\n            <p>Ultrazvukom mo\u017eemo da potvrdimo trudno\u0107u ve\u0107 7-10 dana nakon izostanka menstruacije, mada plod i njegove otkucaje srca mo\u017eemo videti tek na kraju 6. nedelje trudno\u0107e. Najbolje vreme za prvi UZ u trudno\u0107i je izme\u0111u 7. i 9. nedelje.<br \/>\nNa pregledu \u00bbPotvrda trudno\u0107e\u00ab vidimo:<\/p>\n<p>Da li je trudno\u0107a u materici<br \/>\nDa li su prisutni otkucaji srca<br \/>\nKoliko je plodova (1, 2, 3)<br \/>\nMerenjem veli\u010dine ploda utvr\u0111ujemo trajanje trudno\u0107e<br \/>\nNepravilnosti materice i jajnika<br \/>\nPrete\u0107e znake za poba\u010daj<br \/>\n<strong>Rana morfologija ploda tj. merenje nuhalnog nabora (translucencije)<\/strong><\/p>\n<p>Detaljan opis je u padaju\u0107em meniju NUHALNI NABOR<\/p>\n        <\/div>\r\n\r\n    <\/div>\r\n\r\n<\/div>\r\n\n\n\r\n<div id=\"text-block-block_60fd3d32aaef3\" class=\"block-text-block\">\r\n\r\n    <div class=\"flex-row flex-row--align-h-center\">\r\n\r\n        <div class=\"flex-col-md-6\">\r\n            <h2><strong>Morfologija ploda<\/strong><\/h2>\n        <\/div>\r\n\r\n    <\/div>\r\n\r\n<\/div>\r\n\n\n\n<figure class=\"wp-block-gallery columns-2 is-cropped container flex-row flex-row--align-h-center wp-block-gallery-2 is-layout-flex wp-block-gallery-is-layout-flex\"><ul class=\"blocks-gallery-grid\"><li class=\"blocks-gallery-item\"><figure><img loading=\"lazy\" decoding=\"async\" width=\"1024\" height=\"768\" src=\"https:\/\/ginekologijameglic.si\/wp-content\/uploads\/2021\/07\/MORF1_3-1024x768.jpg\" alt=\"\" data-id=\"730\" data-full-url=\"https:\/\/ginekologijameglic.si\/wp-content\/uploads\/2021\/07\/MORF1_3.jpg\" data-link=\"https:\/\/ginekologijameglic.si\/storitve\/morfologija-in-kontrola-rasti-ploda\/morf1_3\/\" class=\"wp-image-730\" srcset=\"https:\/\/ginekologijameglic.si\/wp-content\/uploads\/2021\/07\/MORF1_3-1024x768.jpg 1024w, https:\/\/ginekologijameglic.si\/wp-content\/uploads\/2021\/07\/MORF1_3-300x225.jpg 300w, https:\/\/ginekologijameglic.si\/wp-content\/uploads\/2021\/07\/MORF1_3-768x576.jpg 768w, https:\/\/ginekologijameglic.si\/wp-content\/uploads\/2021\/07\/MORF1_3-1045x784.jpg 1045w, https:\/\/ginekologijameglic.si\/wp-content\/uploads\/2021\/07\/MORF1_3.jpg 1136w\" sizes=\"auto, (max-width: 1024px) 100vw, 1024px\" \/><\/figure><\/li><li class=\"blocks-gallery-item\"><figure><img loading=\"lazy\" decoding=\"async\" width=\"1024\" height=\"768\" src=\"https:\/\/ginekologijameglic.si\/wp-content\/uploads\/2021\/07\/MORF2_1-1024x768.jpg\" alt=\"\" data-id=\"729\" data-full-url=\"https:\/\/ginekologijameglic.si\/wp-content\/uploads\/2021\/07\/MORF2_1.jpg\" data-link=\"https:\/\/ginekologijameglic.si\/storitve\/morfologija-in-kontrola-rasti-ploda\/morf2_1\/\" class=\"wp-image-729\" srcset=\"https:\/\/ginekologijameglic.si\/wp-content\/uploads\/2021\/07\/MORF2_1-1024x768.jpg 1024w, https:\/\/ginekologijameglic.si\/wp-content\/uploads\/2021\/07\/MORF2_1-300x225.jpg 300w, https:\/\/ginekologijameglic.si\/wp-content\/uploads\/2021\/07\/MORF2_1-768x576.jpg 768w, https:\/\/ginekologijameglic.si\/wp-content\/uploads\/2021\/07\/MORF2_1-1045x784.jpg 1045w, https:\/\/ginekologijameglic.si\/wp-content\/uploads\/2021\/07\/MORF2_1.jpg 1136w\" sizes=\"auto, (max-width: 1024px) 100vw, 1024px\" \/><\/figure><\/li><li class=\"blocks-gallery-item\"><figure><img loading=\"lazy\" decoding=\"async\" width=\"1024\" height=\"768\" src=\"https:\/\/ginekologijameglic.si\/wp-content\/uploads\/2021\/07\/MORFOLOGIJA_5-1024x768.jpg\" alt=\"\" data-id=\"728\" data-full-url=\"https:\/\/ginekologijameglic.si\/wp-content\/uploads\/2021\/07\/MORFOLOGIJA_5.jpg\" data-link=\"https:\/\/ginekologijameglic.si\/storitve\/morfologija-in-kontrola-rasti-ploda\/morfologija_5\/\" class=\"wp-image-728\" srcset=\"https:\/\/ginekologijameglic.si\/wp-content\/uploads\/2021\/07\/MORFOLOGIJA_5-1024x768.jpg 1024w, https:\/\/ginekologijameglic.si\/wp-content\/uploads\/2021\/07\/MORFOLOGIJA_5-300x225.jpg 300w, https:\/\/ginekologijameglic.si\/wp-content\/uploads\/2021\/07\/MORFOLOGIJA_5-768x576.jpg 768w, https:\/\/ginekologijameglic.si\/wp-content\/uploads\/2021\/07\/MORFOLOGIJA_5-1045x784.jpg 1045w, https:\/\/ginekologijameglic.si\/wp-content\/uploads\/2021\/07\/MORFOLOGIJA_5.jpg 1136w\" sizes=\"auto, (max-width: 1024px) 100vw, 1024px\" \/><\/figure><\/li><li class=\"blocks-gallery-item\"><figure><img loading=\"lazy\" decoding=\"async\" width=\"1024\" height=\"768\" src=\"https:\/\/ginekologijameglic.si\/wp-content\/uploads\/2021\/07\/MORF1_1-1024x768.jpg\" alt=\"\" data-id=\"727\" data-full-url=\"https:\/\/ginekologijameglic.si\/wp-content\/uploads\/2021\/07\/MORF1_1.jpg\" data-link=\"https:\/\/ginekologijameglic.si\/storitve\/morfologija-in-kontrola-rasti-ploda\/morf1_1\/\" class=\"wp-image-727\" srcset=\"https:\/\/ginekologijameglic.si\/wp-content\/uploads\/2021\/07\/MORF1_1-1024x768.jpg 1024w, https:\/\/ginekologijameglic.si\/wp-content\/uploads\/2021\/07\/MORF1_1-300x225.jpg 300w, https:\/\/ginekologijameglic.si\/wp-content\/uploads\/2021\/07\/MORF1_1-768x576.jpg 768w, https:\/\/ginekologijameglic.si\/wp-content\/uploads\/2021\/07\/MORF1_1-1045x784.jpg 1045w, https:\/\/ginekologijameglic.si\/wp-content\/uploads\/2021\/07\/MORF1_1.jpg 1136w\" sizes=\"auto, (max-width: 1024px) 100vw, 1024px\" \/><\/figure><\/li><\/ul><\/figure>\n\n\n\r\n<div id=\"text-block-block_61c44ea589388\" class=\"block-text-block\">\r\n\r\n    <div class=\"flex-row flex-row--align-h-center\">\r\n\r\n        <div class=\"flex-col-md-6\">\r\n            <p>Pregled radimo izme\u0111u 20. i 22. nedelje trudno\u0107e. Pored rane morfologije (merenje nuhalnog nabora) pri tom UZ otkrijemo najvi\u0161e razvojnih gre\u0161aka. Naravno, ve\u0107inom potvrdimo normalan razvoj.<br \/>\nPregled zapo\u010dnemo sa sr\u010danim otkucajima ploda, pogledamo lokaciju posteljice i koli\u010dinu plodove vode. Nakon toga proverimo razvoj i rast organa i organskih sistema uklju\u010duju\u0107i i pup\u010danu vrpcu.<\/p>\n        <\/div>\r\n\r\n    <\/div>\r\n\r\n<\/div>\r\n\n\n\r\n<div id=\"text-block-block_61c44ec38938b\" class=\"block-text-block\">\r\n\r\n    <div class=\"flex-row flex-row--align-h-center\">\r\n\r\n        <div class=\"flex-col-md-6\">\r\n            <h2><strong>Merenje du\u017eine materi\u010dnog vrata<\/strong><\/h2>\n        <\/div>\r\n\r\n    <\/div>\r\n\r\n<\/div>\r\n\n\n\r\n<div id=\"text-block-block_61c44eaa89389\" class=\"block-text-block\">\r\n\r\n    <div class=\"flex-row flex-row--align-h-center\">\r\n\r\n        <div class=\"flex-col-md-6\">\r\n            <p>Materi\u010dni vrat je donji deo materice koji trudno\u0107u odr\u017eava tj. prepre\u010dava njen prerani prekid (poba\u010daj ili prerani poro\u0111aj). Du\u017einu materi\u010dnog vrata mo\u017eemo da merimo od 11. nedelje trudno\u0107e, obi\u010dno izmerimo prilikom pregleda morfologije ploda. Mera pod 25 mm predstavlja ve\u0107u ugro\u017eenost za prerani poro\u0111aj. Ako trudnicu na osnovu prekratkog materi\u010dnog vrata uvrstimo u grupu sa visokim rizikom za prerani poro\u0111aj, trudno\u0107i se posvetimo potpuno druga\u010dije.<\/p>\n        <\/div>\r\n\r\n    <\/div>\r\n\r\n<\/div>\r\n\n\n\r\n<div id=\"text-block-block_61c44ebb8938a\" class=\"block-text-block\">\r\n\r\n    <div class=\"flex-row flex-row--align-h-center\">\r\n\r\n        <div class=\"flex-col-md-6\">\r\n            <h2><strong>Kontrola rasta<\/strong><\/h2>\n        <\/div>\r\n\r\n    <\/div>\r\n\r\n<\/div>\r\n\n\n\r\n<div id=\"text-block-block_61c44f1a8938c\" class=\"block-text-block\">\r\n\r\n    <div class=\"flex-row flex-row--align-h-center\">\r\n\r\n        <div class=\"flex-col-md-6\">\r\n            <p>Pregled savetujemo bilo kada nakon 24. nedelje trudno\u0107e.<br \/>\nProverimo:<br \/>\n-rast ploda: merenje \u0161irine i obima glave, trbuha i du\u017eine butne kosti<br \/>\n-razvoj ploda<br \/>\n-uslovi u kojima se nalazi plod: posteljica, koli\u010dina plodove vode, protoci kroz krvne sudove<br \/>\n-nakon 30. nedelje trudno\u0107e mo\u017eemo da predvidimo poro\u0111ajnu te\u017einu<\/p>\n        <\/div>\r\n\r\n    <\/div>\r\n\r\n<\/div>\r\n","protected":false},"excerpt":{"rendered":"","protected":false},"author":2,"featured_media":0,"parent":1197,"menu_order":0,"comment_status":"closed","ping_status":"closed","template":"","meta":{"_acf_changed":false,"footnotes":""},"class_list":["post-1225","page","type-page","status-publish","hentry"],"acf":[],"_links":{"self":[{"href":"https:\/\/ginekologijameglic.si\/sr\/wp-json\/wp\/v2\/pages\/1225","targetHints":{"allow":["GET"]}}],"collection":[{"href":"https:\/\/ginekologijameglic.si\/sr\/wp-json\/wp\/v2\/pages"}],"about":[{"href":"https:\/\/ginekologijameglic.si\/sr\/wp-json\/wp\/v2\/types\/page"}],"author":[{"embeddable":true,"href":"https:\/\/ginekologijameglic.si\/sr\/wp-json\/wp\/v2\/users\/2"}],"replies":[{"embeddable":true,"href":"https:\/\/ginekologijameglic.si\/sr\/wp-json\/wp\/v2\/comments?post=1225"}],"version-history":[{"count":2,"href":"https:\/\/ginekologijameglic.si\/sr\/wp-json\/wp\/v2\/pages\/1225\/revisions"}],"predecessor-version":[{"id":1228,"href":"https:\/\/ginekologijameglic.si\/sr\/wp-json\/wp\/v2\/pages\/1225\/revisions\/1228"}],"up":[{"embeddable":true,"href":"https:\/\/ginekologijameglic.si\/sr\/wp-json\/wp\/v2\/pages\/1197"}],"wp:attachment":[{"href":"https:\/\/ginekologijameglic.si\/sr\/wp-json\/wp\/v2\/media?parent=1225"}],"curies":[{"name":"wp","href":"https:\/\/api.w.org\/{rel}","templated":true}]}}