{"id":1233,"date":"2021-07-06T12:00:56","date_gmt":"2021-07-06T10:00:56","guid":{"rendered":"https:\/\/ginekologijameglic.si\/usluge\/estetska-kirurgija-zunanjega-spolovila-in-noznice\/"},"modified":"2021-12-23T12:57:16","modified_gmt":"2021-12-23T10:57:16","slug":"estetska-ginekologija","status":"publish","type":"page","link":"https:\/\/ginekologijameglic.si\/sr\/usluge\/estetska-ginekologija\/","title":{"rendered":"Estetska ginekologija"},"content":{"rendered":"\r\n<div id=\"underline-title-block_60c0925486a78\" class=\"block-underline-title\">\r\n\r\n    <div class=\"container flex-row flex-row--align-h-center\">\r\n\r\n        <div class=\"flex-col-md-6\">\r\n                        <h2                class=\"underline-title block-title\">\r\n                Usluge            <\/h2>\r\n            <h3 class=\"underline-subtitle block-title\">\r\n                Estetska ginekologija            <\/h3>\r\n        <\/div>\r\n\r\n    <\/div>\r\n\r\n<\/div>\r\n\n\n\r\n<div id=\"text-block-block_60c0927986a79\" class=\"block-text-block\">\r\n\r\n    <div class=\"flex-row flex-row--align-h-center\">\r\n\r\n        <div class=\"flex-col-md-6\">\r\n            <p>Estetska ginekologija je podru\u010dije koje se vrlo brzo razvija i zahteva posebno znanje i iskustva. Pri svom radu upotrebljavamo klasi\u010dni hirur\u0161ki pristup i lasersku terapiju.<\/p>\n<p>Nudimo vam:<\/p>\n<ul>\n<li>Korekciju stidnih usana<\/li>\n<li>Popravku epiziotomijskih o\u017eiljaka<\/li>\n<li>Korekciju me\u0111ice<\/li>\n<li>Korekciju vaginalnog ulaza (\u0161irenje i su\u017eavanje)<\/li>\n<li>Obnavljanje atrofi\u010dne vagine<\/li>\n<li>Podizanje olabavljenih zidova vagine (cistokela, rektokela)<\/li>\n<li>Hirur\u0161ko \u0161irenje himena (devi\u010dnjaka)<\/li>\n<li>Pobolj\u0161anje osetljivosti vaginalnog ulaza<\/li>\n<\/ul>\n        <\/div>\r\n\r\n    <\/div>\r\n\r\n<\/div>\r\n","protected":false},"excerpt":{"rendered":"","protected":false},"author":2,"featured_media":0,"parent":1197,"menu_order":0,"comment_status":"closed","ping_status":"closed","template":"","meta":{"_acf_changed":false,"footnotes":""},"class_list":["post-1233","page","type-page","status-publish","hentry"],"acf":[],"_links":{"self":[{"href":"https:\/\/ginekologijameglic.si\/sr\/wp-json\/wp\/v2\/pages\/1233","targetHints":{"allow":["GET"]}}],"collection":[{"href":"https:\/\/ginekologijameglic.si\/sr\/wp-json\/wp\/v2\/pages"}],"about":[{"href":"https:\/\/ginekologijameglic.si\/sr\/wp-json\/wp\/v2\/types\/page"}],"author":[{"embeddable":true,"href":"https:\/\/ginekologijameglic.si\/sr\/wp-json\/wp\/v2\/users\/2"}],"replies":[{"embeddable":true,"href":"https:\/\/ginekologijameglic.si\/sr\/wp-json\/wp\/v2\/comments?post=1233"}],"version-history":[{"count":2,"href":"https:\/\/ginekologijameglic.si\/sr\/wp-json\/wp\/v2\/pages\/1233\/revisions"}],"predecessor-version":[{"id":1236,"href":"https:\/\/ginekologijameglic.si\/sr\/wp-json\/wp\/v2\/pages\/1233\/revisions\/1236"}],"up":[{"embeddable":true,"href":"https:\/\/ginekologijameglic.si\/sr\/wp-json\/wp\/v2\/pages\/1197"}],"wp:attachment":[{"href":"https:\/\/ginekologijameglic.si\/sr\/wp-json\/wp\/v2\/media?parent=1233"}],"curies":[{"name":"wp","href":"https:\/\/api.w.org\/{rel}","templated":true}]}}