{"id":1238,"date":"2021-07-06T11:56:57","date_gmt":"2021-07-06T09:56:57","guid":{"rendered":"https:\/\/ginekologijameglic.si\/usluge\/laser-stresna-urinska-inkontinenca\/"},"modified":"2021-12-23T13:50:47","modified_gmt":"2021-12-23T11:50:47","slug":"laser-vagine","status":"publish","type":"page","link":"https:\/\/ginekologijameglic.si\/sr\/usluge\/laser-vagine\/","title":{"rendered":"Laser vagine"},"content":{"rendered":"\r\n<div id=\"underline-title-block_60c0925486a78\" class=\"block-underline-title\">\r\n\r\n    <div class=\"container flex-row flex-row--align-h-center\">\r\n\r\n        <div class=\"flex-col-md-6\">\r\n                        <h1                class=\"underline-title block-title\">\r\n                Usluge            <\/h1>\r\n            <h2 class=\"underline-subtitle block-title\">\r\n                Laser vagine            <\/h2>\r\n        <\/div>\r\n\r\n    <\/div>\r\n\r\n<\/div>\r\n\n\n\r\n<div id=\"text-block-block_60c0927986a79\" class=\"block-text-block\">\r\n\r\n    <div class=\"flex-row flex-row--align-h-center\">\r\n\r\n        <div class=\"flex-col-md-6\">\r\n            <p>Laser upotrebljavamo za le\u010denje stresne i delimi\u010dno me\u0161ane urinarne inkontinencije, sindroma labave vagine, cistokele i rektokele i za le\u010denje atrofi\u010dne i suve vagine.<\/p>\n<p><strong>Vrlo \u010desto su stresna urinarna inkontinencija i sindrom labave vagine povezani i mogu da se prepli\u0107u pa zato u Ginekologiji Megli\u010d u jednom zahvatu sa zamenom laserske sonde nudimo le\u010denje oba.<\/strong><\/p>\n<p><strong>Lasersko le\u010denje sindorma labave vagine \u2013 podmla\u0111ivanje vagine<\/strong><\/p>\n<p>O sindromu labave vagine govorimo kada \u017eena zapazi da ose\u0107aj u intimnim predelima nije vi\u0161e isti, da sekusalne odnose sa partnerom do\u017eivljava manje intenzivno ili da jednostavno ima pre\u0161iroku vaginu. Naj\u010de\u0161\u0107u uzroci su prekomerno rastezanje vagine prilikom poro\u0111aja, uro\u0111ena slabost vezivnog tkiva i procesi starenja.<\/p>\n<p>Najnovija i trenutno jedina zaista uspe\u0161na metoda le\u010denja sindroma labave vagine je upotreba lasera. Metoda se do sada pokazala bezbednom, jednostavnom i zaista efikasnom.<\/p>\n<p>Laserski zrak svojim fototermalnim efektom prouzrokuje preoblikovanje kolagena, njegovo preraspore\u0111ivanje i ponovnu rast. Time se preoblikuje tkivo oko vagine koje vaginalnu cev su\u017ei.<\/p>\n<p>Postupak se odvija na ginekolo\u0161oj stolici i traje oko 10 minuta. Ve\u0107inom su dovoljna 2 postupka, a po potrebi ta dva dopunimo jo\u0161 i tre\u0107im.<\/p>\n        <\/div>\r\n\r\n    <\/div>\r\n\r\n<\/div>\r\n\n\n\n<figure class=\"wp-block-embed aligncenter is-type-video is-provider-youtube wp-block-embed-youtube wp-embed-aspect-16-9 wp-has-aspect-ratio\"><div class=\"wp-block-embed__wrapper\">\n<iframe loading=\"lazy\" title=\"IntimaLase\u00ae\" width=\"640\" height=\"360\" src=\"https:\/\/www.youtube.com\/embed\/9Uf0Z7J2QbI?feature=oembed\" frameborder=\"0\" allow=\"accelerometer; autoplay; clipboard-write; encrypted-media; gyroscope; picture-in-picture; web-share\" referrerpolicy=\"strict-origin-when-cross-origin\" allowfullscreen><\/iframe>\n<\/div><\/figure>\n\n\n\r\n<div id=\"text-block-block_60f5cda401ed0\" class=\"block-text-block\">\r\n\r\n    <div class=\"flex-row flex-row--align-h-center\">\r\n\r\n        <div class=\"flex-col-md-6\">\r\n            <p><strong>Lasersko le\u010denje cistokele in rektokele<\/strong><\/p>\n<p>Kada je popu\u0161tanje vagine pre svega problem prednjeg vaginalnog zida, govorimo o cistokeli ili spu\u0161tanju mokra\u0107ne be\u0161ike.<\/p>\n<p>Postupak le\u010denja laserom je sli\u010dan kao \u0161to je opisano iznad ali je upotreba sondi druga\u010dija, usmerena u opse\u017enije le\u010denje prednjeg vaginalnog zida. Potrebne su najmanje tri seanse.<\/p>\n<p>Kada je popu\u0161tanje vagine, pre svega, problem zadnjeg zida vagine, govorimo o rektokeli ili izbo\u010denju zadnjeg dela creva u vaginu. Postupak je jednak le\u010denju cistokele sa tom razlikom da je le\u010denje opse\u017enije na zadnjem zidu vagine. Tako\u0111e su tu potrebne najmanje tri seanse.<\/p>\n        <\/div>\r\n\r\n    <\/div>\r\n\r\n<\/div>\r\n\n\n\r\n<div id=\"text-block-block_60f5cdcb01ed1\" class=\"block-text-block\">\r\n\r\n    <div class=\"flex-row flex-row--align-h-center\">\r\n\r\n        <div class=\"flex-col-md-6\">\r\n                    <\/div>\r\n\r\n    <\/div>\r\n\r\n<\/div>\r\n\n\n\n<figure class=\"wp-block-embed aligncenter is-type-video is-provider-youtube wp-block-embed-youtube wp-embed-aspect-16-9 wp-has-aspect-ratio\"><div class=\"wp-block-embed__wrapper\">\n<iframe loading=\"lazy\" title=\"Doctors - How does it work?\" width=\"640\" height=\"360\" src=\"https:\/\/www.youtube.com\/embed\/W550ZoN8Dxk?feature=oembed\" frameborder=\"0\" allow=\"accelerometer; autoplay; clipboard-write; encrypted-media; gyroscope; picture-in-picture; web-share\" referrerpolicy=\"strict-origin-when-cross-origin\" allowfullscreen><\/iframe>\n<\/div><\/figure>\n\n\n\r\n<div id=\"text-block-block_60f5ce1e01ed2\" class=\"block-text-block\">\r\n\r\n    <div class=\"flex-row flex-row--align-h-center\">\r\n\r\n        <div class=\"flex-col-md-6\">\r\n            <p><strong>Lasersko le\u010denje stresne urinarne inkontinencije<\/strong><\/p>\n<p>Stresna urinarna inkontinencija je \u010dest problem kod \u017eena. Prezentuje se sa ne\u017eeljenim uriniranjem prilikom penjanja uz stepenice, kijanja, ka\u0161ljanja, tr\u010danja, polnih odnosa, smeha&#8230;<\/p>\n<p>Zajedni\u010dki imenilac ne\u017eeljenog uriniranja je oslabljen zatvara\u010dki mehanizam mokra\u0107ne cevi koji je posledica popu\u0161tanja tonusa mi\u0161i\u0107a zatvara\u010da i ostalih mi\u0161i\u0107a karli\u010dnog dna, poro\u0111ajnih povreda, nedostatka \u017eenskih polnih hormana i drugih degenrativnih promena vezivnog tkiva.<\/p>\n<p>Najnoviju i vrlo uspe\u0161nu metodu le\u010denja predstavlja upotreba laserske tehnologije. Upotrebljavamo je kod blagih i srednje blagih problema. To je efikasna, jednostavna i pre svega bezbedna metoda.<\/p>\n<p>Laserski zrak svojim fototermalnim efektom prouzrokuje preoblikovanje kolagena, njegovo preraspore\u0111ivanje i ponovnu rast. Time se mokra\u0107noj cevi i njenom zatvara\u010dkom mehanizmu nudi \u010dvrsta potpora i time zadr\u017eavanje mokra\u0107e.<\/p>\n<p>Postupak se odvija na ginekolo\u0161koj stolici i traje oko 20 minuta. Ve\u0107inom su dovoljna dva postupka, a po potrebi ga ponovimo jo\u0161 jednom.<\/p>\n        <\/div>\r\n\r\n    <\/div>\r\n\r\n<\/div>\r\n\n\n\n<figure class=\"wp-block-embed aligncenter is-type-video is-provider-youtube wp-block-embed-youtube wp-embed-aspect-16-9 wp-has-aspect-ratio\"><div class=\"wp-block-embed__wrapper\">\n<iframe loading=\"lazy\" title=\"IncontiLase\u00ae\" width=\"640\" height=\"360\" src=\"https:\/\/www.youtube.com\/embed\/P3SnLZUeWC8?feature=oembed\" frameborder=\"0\" allow=\"accelerometer; autoplay; clipboard-write; encrypted-media; gyroscope; picture-in-picture; web-share\" referrerpolicy=\"strict-origin-when-cross-origin\" allowfullscreen><\/iframe>\n<\/div><\/figure>\n\n\n\r\n<div id=\"text-block-block_60f5ce3b01ed3\" class=\"block-text-block\">\r\n\r\n    <div class=\"flex-row flex-row--align-h-center\">\r\n\r\n        <div class=\"flex-col-md-6\">\r\n            <p><strong>Lasersko le\u010denje atrofi\u010dne i suve vagine<\/strong><\/p>\n<p>Atrofija vagine je stanje koje je naj\u010de\u0161\u0107e povezano sa nedostatkom hormona tj. periodom po menopauzi. Sam zid vagine gubi prekrvavljenost, a samim tim i vla\u017enost. Naboranost prakti\u010dno nestane. Ose\u0107aj suve vagine mo\u017ee da bude za \u017eenu vrlo neprijatan ve\u0107 u svakodnevnom \u017eivotu kada sede i hodaju. Peku\u0107i ose\u0107aj posebno smeta u seksualnim odnosima. Pacijentkinje problem re\u0161avaju, pre svega, izbegavanjem odnosa ili re\u0111e, upotrebom lubrikanata. Ni\u0161ta od toga nije dugoro\u010dno re\u0161enje.<\/p>\n<p>Laserskom terapijom dosegnemo ponovni razvoj kapilara u zidu vagine. Pove\u0107a se njena naboranost, prekrvavljenost i vla\u017enost. Sve to bez upotrebe hormona.<\/p>\n<p>Postupak traje 20 minuta i potrebne su tri seanse u razmacima od mesec dana. Sama terapija nije bolna i nakon le\u010denja bolovanje nije potrebno.<\/p>\n        <\/div>\r\n\r\n    <\/div>\r\n\r\n<\/div>\r\n\n\n\n<figure class=\"wp-block-embed aligncenter is-type-video is-provider-youtube wp-block-embed-youtube wp-embed-aspect-16-9 wp-has-aspect-ratio\"><div class=\"wp-block-embed__wrapper\">\n<iframe loading=\"lazy\" title=\"Doctors - How does it work?\" width=\"640\" height=\"360\" src=\"https:\/\/www.youtube.com\/embed\/W550ZoN8Dxk?feature=oembed\" frameborder=\"0\" allow=\"accelerometer; autoplay; clipboard-write; encrypted-media; gyroscope; picture-in-picture; web-share\" referrerpolicy=\"strict-origin-when-cross-origin\" allowfullscreen><\/iframe>\n<\/div><\/figure>\n","protected":false},"excerpt":{"rendered":"","protected":false},"author":2,"featured_media":0,"parent":1197,"menu_order":0,"comment_status":"closed","ping_status":"closed","template":"","meta":{"_acf_changed":false,"footnotes":""},"class_list":["post-1238","page","type-page","status-publish","hentry"],"acf":[],"_links":{"self":[{"href":"https:\/\/ginekologijameglic.si\/sr\/wp-json\/wp\/v2\/pages\/1238","targetHints":{"allow":["GET"]}}],"collection":[{"href":"https:\/\/ginekologijameglic.si\/sr\/wp-json\/wp\/v2\/pages"}],"about":[{"href":"https:\/\/ginekologijameglic.si\/sr\/wp-json\/wp\/v2\/types\/page"}],"author":[{"embeddable":true,"href":"https:\/\/ginekologijameglic.si\/sr\/wp-json\/wp\/v2\/users\/2"}],"replies":[{"embeddable":true,"href":"https:\/\/ginekologijameglic.si\/sr\/wp-json\/wp\/v2\/comments?post=1238"}],"version-history":[{"count":2,"href":"https:\/\/ginekologijameglic.si\/sr\/wp-json\/wp\/v2\/pages\/1238\/revisions"}],"predecessor-version":[{"id":1241,"href":"https:\/\/ginekologijameglic.si\/sr\/wp-json\/wp\/v2\/pages\/1238\/revisions\/1241"}],"up":[{"embeddable":true,"href":"https:\/\/ginekologijameglic.si\/sr\/wp-json\/wp\/v2\/pages\/1197"}],"wp:attachment":[{"href":"https:\/\/ginekologijameglic.si\/sr\/wp-json\/wp\/v2\/media?parent=1238"}],"curies":[{"name":"wp","href":"https:\/\/api.w.org\/{rel}","templated":true}]}}