{"id":1255,"date":"2021-06-09T12:05:57","date_gmt":"2021-06-09T10:05:57","guid":{"rendered":"https:\/\/ginekologijameglic.si\/usluge\/nuhalna-svetlina\/"},"modified":"2021-12-23T14:41:23","modified_gmt":"2021-12-23T12:41:23","slug":"nuhalni-nabor","status":"publish","type":"page","link":"https:\/\/ginekologijameglic.si\/sr\/usluge\/nuhalni-nabor\/","title":{"rendered":"Nuhalni nabor"},"content":{"rendered":"\r\n<div id=\"underline-title-block_60c0925486a78\" class=\"block-underline-title\">\r\n\r\n    <div class=\"container flex-row flex-row--align-h-center\">\r\n\r\n        <div class=\"flex-col-md-6\">\r\n                        <h2                class=\"underline-title block-title\">\r\n                Usluge            <\/h2>\r\n            <h3 class=\"underline-subtitle block-title\">\r\n                Nuhalni nabor            <\/h3>\r\n        <\/div>\r\n\r\n    <\/div>\r\n\r\n<\/div>\r\n\n\n\r\n<div id=\"text-block-block_60c0927986a79\" class=\"block-text-block\">\r\n\r\n    <div class=\"flex-row flex-row--align-h-center\">\r\n\r\n        <div class=\"flex-col-md-6\">\r\n            <p>Tu metodu pravilnije nazivamo \u201erana morfologija ploda\u201c jer pored procene rizika za ro\u0111enje deteta sa hromozomskim gre\u0161kama, proverimo tako\u0111e pravilnost ranog razvoja (trbu\u0161ni zid, mozak, udovi, ostali unutra\u0161nji organi). Proverimo prisustvo nosne kosti.<\/p>\n<p>U odnosu na veli\u010dinu ploda vrlo precizno odredimo predvi\u0111eni termin poro\u0111aja tj. trajanje trudno\u0107e.<\/p>\n        <\/div>\r\n\r\n    <\/div>\r\n\r\n<\/div>\r\n\n\n\r\n<div id=\"custom-image-block-block_60c0958fa24e3\" class=\"block-custom-image-block\">\r\n    <div class=\"container flex-row flex-row--align-h-center\">\r\n        <div class=\"flex-col-md-6\">\r\n            <img loading=\"lazy\" decoding=\"async\" width=\"640\" height=\"480\" src=\"https:\/\/ginekologijameglic.si\/wp-content\/uploads\/2021\/07\/NS2.jpeg\" class=\"attachment-custom-image-block size-custom-image-block\" alt=\"\" srcset=\"https:\/\/ginekologijameglic.si\/wp-content\/uploads\/2021\/07\/NS2.jpeg 640w, https:\/\/ginekologijameglic.si\/wp-content\/uploads\/2021\/07\/NS2-300x225.jpeg 300w\" sizes=\"auto, (max-width: 640px) 100vw, 640px\" \/>        <\/div>\r\n    <\/div>\r\n<\/div>\n\n\r\n<div id=\"text-block-block_60c09bfb3b797\" class=\"block-text-block\">\r\n\r\n    <div class=\"flex-row flex-row--align-h-center\">\r\n\r\n        <div class=\"flex-col-md-6\">\r\n            <p>Pregled se radi ultrazvukom preko trbuha a re\u0111e vaginalno ( neugodan polo\u017eaj ploda, debljina trudnice). Primereno vreme je kada je plod duga\u010dak od 45 do 84 mm (pribli\u017eno 11 3\/7 \u2013 14 nedelje trudno\u0107e).<\/p>\n<p>Nuhalni nabor je te\u010dnost izme\u0111u potko\u017eja i ko\u017ee na plodovom vratu. Pove\u0107an je kod plodova koji imaju hromozomske gre\u0161ke, sr\u010dane gre\u0161ke i neke genetske sindrome.<\/p>\n<p>Mrenje nuhalnog nabora je skrining test. Zajedno sa prisustvom ili odsustvom nosne kosti otkrije <strong>oko 80%<\/strong> plodova sa hromozomskim gre\u0161kama. Ta metoda je u kombinaciji sa dvojnim hormonskim testom (DHT) jo\u0161 vi\u0161e pouzdana i ima \u010dak <strong>do 90%<\/strong> pozitivnu prediktivnu vrednost za nepravilnosti ploda.<\/p>\n<p>Izve\u0161taj, za svaku od hromozomskih gre\u0161aka (trizomija 21, 18 i 13) ,koji je bolji od<\/p>\n<p>1:300<\/p>\n<p>je u granicama normale. Rezultat je statisti\u010dki i izra\u017een je u obliku rizika. Rezultat za pojedina\u010dnu hromozomsku gre\u0161ku zavisi od mnogo faktora od kojih su najva\u017eniji starost trudnice, veli\u010dina nuhalnog nabora, sr\u010dana frekfencija ploda i morfolo\u0161ki razvoj ploda.<\/p>\n<p>Izve\u0161taje sa visokim rizikom je potrebno proveriti sa testovima za potvr\u0111ivanje (kariotipizacija- biopsija horionskih \u010dupica ili amniocenteza), eventualno testovima slobodo\u0107elijske DNK u periferni krvi trudnice.<\/p>\n        <\/div>\r\n\r\n    <\/div>\r\n\r\n<\/div>\r\n\n\n\r\n<div id=\"custom-image-block-block_60f47a84cf4d5\" class=\"block-custom-image-block\">\r\n    <div class=\"container flex-row flex-row--align-h-center\">\r\n        <div class=\"flex-col-md-6\">\r\n            <img loading=\"lazy\" decoding=\"async\" width=\"1045\" height=\"784\" src=\"https:\/\/ginekologijameglic.si\/wp-content\/uploads\/2021\/07\/NSSMALC_2-1045x784.jpg\" class=\"attachment-custom-image-block size-custom-image-block\" alt=\"\" srcset=\"https:\/\/ginekologijameglic.si\/wp-content\/uploads\/2021\/07\/NSSMALC_2-1045x784.jpg 1045w, https:\/\/ginekologijameglic.si\/wp-content\/uploads\/2021\/07\/NSSMALC_2-300x225.jpg 300w, https:\/\/ginekologijameglic.si\/wp-content\/uploads\/2021\/07\/NSSMALC_2-1024x768.jpg 1024w, https:\/\/ginekologijameglic.si\/wp-content\/uploads\/2021\/07\/NSSMALC_2-768x576.jpg 768w, https:\/\/ginekologijameglic.si\/wp-content\/uploads\/2021\/07\/NSSMALC_2.jpg 1136w\" sizes=\"auto, (max-width: 1045px) 100vw, 1045px\" \/>        <\/div>\r\n    <\/div>\r\n<\/div>\n\n\r\n<div id=\"custom-image-block-block_60f47a98cf4d6\" class=\"block-custom-image-block\">\r\n    <div class=\"container flex-row flex-row--align-h-center\">\r\n        <div class=\"flex-col-md-6\">\r\n                    <\/div>\r\n    <\/div>\r\n<\/div>\n\n\r\n<div id=\"custom-image-block-block_60f47b2dcf4d7\" class=\"block-custom-image-block\">\r\n    <div class=\"container flex-row flex-row--align-h-center\">\r\n        <div class=\"flex-col-md-6\">\r\n            <img loading=\"lazy\" decoding=\"async\" width=\"1045\" height=\"784\" src=\"https:\/\/ginekologijameglic.si\/wp-content\/uploads\/2021\/07\/NS-cela_3-1-1045x784.jpg\" class=\"attachment-custom-image-block size-custom-image-block\" alt=\"\" srcset=\"https:\/\/ginekologijameglic.si\/wp-content\/uploads\/2021\/07\/NS-cela_3-1-1045x784.jpg 1045w, https:\/\/ginekologijameglic.si\/wp-content\/uploads\/2021\/07\/NS-cela_3-1-300x225.jpg 300w, https:\/\/ginekologijameglic.si\/wp-content\/uploads\/2021\/07\/NS-cela_3-1-1024x768.jpg 1024w, https:\/\/ginekologijameglic.si\/wp-content\/uploads\/2021\/07\/NS-cela_3-1-768x576.jpg 768w, https:\/\/ginekologijameglic.si\/wp-content\/uploads\/2021\/07\/NS-cela_3-1.jpg 1136w\" sizes=\"auto, (max-width: 1045px) 100vw, 1045px\" \/>        <\/div>\r\n    <\/div>\r\n<\/div>\n\n\r\n<div id=\"text-block-block_61c46cb96590e\" class=\"block-text-block\">\r\n\r\n    <div class=\"flex-row flex-row--align-h-center\">\r\n\r\n        <div class=\"flex-col-md-6\">\r\n            <p><strong>Dvojni hormonski test (DHT)<\/strong><\/p>\n<p>Dvojni hormonski test je deo skrining testa u prvoj tre\u0107ini trudno\u0107e za otkrivanje hromonskih gre\u0161aka ploda i predikcije drugih zapleta u trudno\u0107i.<\/p>\n<p>Trudnici uzmemo 5 ml krvi nakon napunjene 8. nedelje trudno\u0107e. U krvi se odre\u0111uju koncentracije 2 hormona (slobodni bHCG i PAPP-A) koji zavise od same trudno\u0107e i nemaju veze sa staro\u0161\u0107u trudnice.<\/p>\n<p>DHT se upotrebljava u kombinacijama sa merenjima nuhalnog nabora i puno pobolj\u0161ava skrining plodova koji spadaju u grupu sa ve\u0107im rizikom za hromozomske gre\u0161ke i zaplete u trudno\u0107i kao \u0161to su pove\u0107an krvni pritisak, preeklampsija i zastoj plodovog rasta.<\/p>\n<p>Po\u0161to u kombinaciji oba testa (DHT i nouhalnog nabora) otkrijemo najvi\u0161e plodova sa hromozomskim gre\u0161kama savetujemo DHT svim trudnicama bez obzira na njihovu starost.<\/p>\n        <\/div>\r\n\r\n    <\/div>\r\n\r\n<\/div>\r\n\n\n\r\n<div id=\"text-block-block_61c46ccb6590f\" class=\"block-text-block\">\r\n\r\n    <div class=\"flex-row flex-row--align-h-center\">\r\n\r\n        <div class=\"flex-col-md-6\">\r\n            <p><strong>Potvrda trudno\u0107e<\/strong><\/p>\n<p>Pregled se izvodi vaginalno jer je materica jo\u0161 mala i le\u017ei u maloj karlici. Pri pregledu proverimo:<\/p>\n<p>&#8211; da li je trudno\u0107a u materici<br \/>\n&#8211; koliko je plodova<br \/>\n&#8211; sr\u010danu akciju ploda<br \/>\n&#8211; iz veli\u010dine ploda odredimo termin poro\u0111aja<\/p>\n        <\/div>\r\n\r\n    <\/div>\r\n\r\n<\/div>\r\n\n\n\r\n<div id=\"custom-image-block-block_60f479e2cf4d4\" class=\"block-custom-image-block\">\r\n    <div class=\"container flex-row flex-row--align-h-center\">\r\n        <div class=\"flex-col-md-6\">\r\n                    <\/div>\r\n    <\/div>\r\n<\/div>","protected":false},"excerpt":{"rendered":"","protected":false},"author":1,"featured_media":0,"parent":1197,"menu_order":0,"comment_status":"closed","ping_status":"closed","template":"","meta":{"_acf_changed":false,"footnotes":""},"class_list":["post-1255","page","type-page","status-publish","hentry"],"acf":[],"_links":{"self":[{"href":"https:\/\/ginekologijameglic.si\/sr\/wp-json\/wp\/v2\/pages\/1255","targetHints":{"allow":["GET"]}}],"collection":[{"href":"https:\/\/ginekologijameglic.si\/sr\/wp-json\/wp\/v2\/pages"}],"about":[{"href":"https:\/\/ginekologijameglic.si\/sr\/wp-json\/wp\/v2\/types\/page"}],"author":[{"embeddable":true,"href":"https:\/\/ginekologijameglic.si\/sr\/wp-json\/wp\/v2\/users\/1"}],"replies":[{"embeddable":true,"href":"https:\/\/ginekologijameglic.si\/sr\/wp-json\/wp\/v2\/comments?post=1255"}],"version-history":[{"count":7,"href":"https:\/\/ginekologijameglic.si\/sr\/wp-json\/wp\/v2\/pages\/1255\/revisions"}],"predecessor-version":[{"id":1265,"href":"https:\/\/ginekologijameglic.si\/sr\/wp-json\/wp\/v2\/pages\/1255\/revisions\/1265"}],"up":[{"embeddable":true,"href":"https:\/\/ginekologijameglic.si\/sr\/wp-json\/wp\/v2\/pages\/1197"}],"wp:attachment":[{"href":"https:\/\/ginekologijameglic.si\/sr\/wp-json\/wp\/v2\/media?parent=1255"}],"curies":[{"name":"wp","href":"https:\/\/api.w.org\/{rel}","templated":true}]}}