{"id":1269,"date":"2021-07-06T11:58:54","date_gmt":"2021-07-06T09:58:54","guid":{"rendered":"https:\/\/ginekologijameglic.si\/usluge\/preventivni-ginekoloski-pregledi\/"},"modified":"2021-12-23T14:49:07","modified_gmt":"2021-12-23T12:49:07","slug":"preventivni-ginekoloski-pregledi","status":"publish","type":"page","link":"https:\/\/ginekologijameglic.si\/sr\/usluge\/preventivni-ginekoloski-pregledi\/","title":{"rendered":"Preventivni ginekolo\u0161ki pregledi"},"content":{"rendered":"\r\n<div id=\"underline-title-block_60c0925486a78\" class=\"block-underline-title\">\r\n\r\n    <div class=\"container flex-row flex-row--align-h-center\">\r\n\r\n        <div class=\"flex-col-md-6\">\r\n                        <h2                class=\"underline-title block-title\">\r\n                Usluge            <\/h2>\r\n            <h3 class=\"underline-subtitle block-title\">\r\n                Preventivni ginekolo\u0161ki pregledi            <\/h3>\r\n        <\/div>\r\n\r\n    <\/div>\r\n\r\n<\/div>\r\n\n\n\r\n<div id=\"text-block-block_60c0927986a79\" class=\"block-text-block\">\r\n\r\n    <div class=\"flex-row flex-row--align-h-center\">\r\n\r\n        <div class=\"flex-col-md-6\">\r\n            <p><strong><u>GINEKOLO\u0160KI PREGLED<\/u><\/strong><\/p>\n<p>Osnovni ginekolo\u0161ki pregled po\u010dinjemo postavljanjem spekuluma u vaginu. Namera je da se prika\u017ee grli\u0107 materice i zid same vagine. Na taj na\u010din mo\u017eemo uzeti razli\u010dite briseve kao \u0161to su: PAP, bris na patogene bakterije, HPV, bris za polno prenosive bolesti itd. Kada se spekulum izvu\u010de, ginekolog pogleda jo\u0161 ulaz u vaginu i ceo spolja\u0161nji polni organ. Nakon toga sledi bimanualni pregled odnosno pregled gde sa jednim ili dva prsta u vagini proverimo matericu, vaginu i organe male karlice a po potrebi se poma\u017eemo drugom rukom sa kojom pritisnemo na trbuh.<\/p>\n<p><strong><u>PAP BRIS<\/u><\/strong><\/p>\n<p>Bris PAP (koji je dobio ime po izumitelju ginekologu Georgiosu Papanikolaou) je skrining metoda za utvr\u0111ivanje pre svega prekanceroznih i kanceroznih promena na grli\u0107u materice koje prouzrokuje infekcija sa HPV virusom. Sa \u010detkicom ginekolog zagrebe po grli\u0107u materice i oduzme \u0107elije koje se nalaze u kanalu materi\u010dnog vrata. Bris razma\u017ee na mikroskopskoj plo\u010dici i po\u0161alje ga na pregled u citolo\u0161ku laboratoriju. Tamo lekar citolog-patolog oceni \u0107elije i rezultat dobijemo u toku jedne do tri nedelje.<\/p>\n<p><strong><u>VAGINALNI ULTRAZVUK (UZ)<\/u><\/strong><\/p>\n<p>Vaginalni ultrazvuk je u zadnjih 20 godina postao su\u0161tinski deo ginekolo\u0161kog pregleda. Jasno je postalo da samo bimanualnim pregledom ne mo\u017eemo da ocenimo strukture u jajniku i strukture u materici uklju\u010duju\u0107i i trudno\u0107u.<\/p>\n<p>Ginekolog u vaginu postavi vaginalnu sondu kojom se, na taj na\u010din, skroz pribli\u017ei unutra\u0161njim polnim organima koje pregleda. Na taj na\u010din pregleda jajnike i celu matericu. Nepogre\u0161iv je prilikom pregleda u ranoj trudno\u0107i. Samo tehnolo\u0161ki ispravan aparat uz iskusnog lekara mo\u017ee da da temeljne i verodostojne nalaze.<\/p>\n        <\/div>\r\n\r\n    <\/div>\r\n\r\n<\/div>\r\n\n\n\n<figure class=\"wp-block-gallery columns-2 is-cropped container flex-row flex-row--align-h-center wp-block-gallery-1 is-layout-flex wp-block-gallery-is-layout-flex\"><ul class=\"blocks-gallery-grid\"><li class=\"blocks-gallery-item\"><figure><img loading=\"lazy\" decoding=\"async\" width=\"1024\" height=\"768\" src=\"https:\/\/ginekologijameglic.si\/wp-content\/uploads\/2021\/07\/PREVENTIVA_1-1024x768.jpg\" alt=\"\" data-id=\"753\" data-full-url=\"https:\/\/ginekologijameglic.si\/wp-content\/uploads\/2021\/07\/PREVENTIVA_1.jpg\" data-link=\"https:\/\/ginekologijameglic.si\/storitve\/preventivni-ginekoloski-pregledi\/preventiva_1\/\" class=\"wp-image-753\" srcset=\"https:\/\/ginekologijameglic.si\/wp-content\/uploads\/2021\/07\/PREVENTIVA_1-1024x768.jpg 1024w, https:\/\/ginekologijameglic.si\/wp-content\/uploads\/2021\/07\/PREVENTIVA_1-300x225.jpg 300w, https:\/\/ginekologijameglic.si\/wp-content\/uploads\/2021\/07\/PREVENTIVA_1-768x576.jpg 768w, https:\/\/ginekologijameglic.si\/wp-content\/uploads\/2021\/07\/PREVENTIVA_1-1045x784.jpg 1045w, https:\/\/ginekologijameglic.si\/wp-content\/uploads\/2021\/07\/PREVENTIVA_1.jpg 1136w\" sizes=\"auto, (max-width: 1024px) 100vw, 1024px\" \/><\/figure><\/li><li class=\"blocks-gallery-item\"><figure><img loading=\"lazy\" decoding=\"async\" width=\"1024\" height=\"768\" src=\"https:\/\/ginekologijameglic.si\/wp-content\/uploads\/2021\/07\/PREVENTIVA_3-1024x768.jpg\" alt=\"\" data-id=\"754\" data-full-url=\"https:\/\/ginekologijameglic.si\/wp-content\/uploads\/2021\/07\/PREVENTIVA_3.jpg\" data-link=\"https:\/\/ginekologijameglic.si\/storitve\/preventivni-ginekoloski-pregledi\/preventiva_3\/\" class=\"wp-image-754\" srcset=\"https:\/\/ginekologijameglic.si\/wp-content\/uploads\/2021\/07\/PREVENTIVA_3-1024x768.jpg 1024w, https:\/\/ginekologijameglic.si\/wp-content\/uploads\/2021\/07\/PREVENTIVA_3-300x225.jpg 300w, https:\/\/ginekologijameglic.si\/wp-content\/uploads\/2021\/07\/PREVENTIVA_3-768x576.jpg 768w, https:\/\/ginekologijameglic.si\/wp-content\/uploads\/2021\/07\/PREVENTIVA_3-1045x784.jpg 1045w, https:\/\/ginekologijameglic.si\/wp-content\/uploads\/2021\/07\/PREVENTIVA_3.jpg 1136w\" sizes=\"auto, (max-width: 1024px) 100vw, 1024px\" \/><\/figure><\/li><\/ul><\/figure>\n","protected":false},"excerpt":{"rendered":"","protected":false},"author":2,"featured_media":0,"parent":1197,"menu_order":0,"comment_status":"closed","ping_status":"closed","template":"","meta":{"_acf_changed":false,"footnotes":""},"class_list":["post-1269","page","type-page","status-publish","hentry"],"acf":[],"_links":{"self":[{"href":"https:\/\/ginekologijameglic.si\/sr\/wp-json\/wp\/v2\/pages\/1269","targetHints":{"allow":["GET"]}}],"collection":[{"href":"https:\/\/ginekologijameglic.si\/sr\/wp-json\/wp\/v2\/pages"}],"about":[{"href":"https:\/\/ginekologijameglic.si\/sr\/wp-json\/wp\/v2\/types\/page"}],"author":[{"embeddable":true,"href":"https:\/\/ginekologijameglic.si\/sr\/wp-json\/wp\/v2\/users\/2"}],"replies":[{"embeddable":true,"href":"https:\/\/ginekologijameglic.si\/sr\/wp-json\/wp\/v2\/comments?post=1269"}],"version-history":[{"count":2,"href":"https:\/\/ginekologijameglic.si\/sr\/wp-json\/wp\/v2\/pages\/1269\/revisions"}],"predecessor-version":[{"id":1273,"href":"https:\/\/ginekologijameglic.si\/sr\/wp-json\/wp\/v2\/pages\/1269\/revisions\/1273"}],"up":[{"embeddable":true,"href":"https:\/\/ginekologijameglic.si\/sr\/wp-json\/wp\/v2\/pages\/1197"}],"wp:attachment":[{"href":"https:\/\/ginekologijameglic.si\/sr\/wp-json\/wp\/v2\/media?parent=1269"}],"curies":[{"name":"wp","href":"https:\/\/api.w.org\/{rel}","templated":true}]}}