{"id":1277,"date":"2021-07-06T12:01:28","date_gmt":"2021-07-06T10:01:28","guid":{"rendered":"https:\/\/ginekologijameglic.si\/usluge\/testi-na-spolno-prenosljive-bolezni\/"},"modified":"2021-12-23T15:08:02","modified_gmt":"2021-12-23T13:08:02","slug":"testovi-na-polno-prenosive-bolesti","status":"publish","type":"page","link":"https:\/\/ginekologijameglic.si\/sr\/usluge\/testovi-na-polno-prenosive-bolesti\/","title":{"rendered":"Testovi na polno prenosive bolesti"},"content":{"rendered":"\r\n<div id=\"underline-title-block_60c0925486a78\" class=\"block-underline-title\">\r\n\r\n    <div class=\"container flex-row flex-row--align-h-center\">\r\n\r\n        <div class=\"flex-col-md-6\">\r\n                        <h2                class=\"underline-title block-title\">\r\n                Usluge            <\/h2>\r\n            <h3 class=\"underline-subtitle block-title\">\r\n                Testovi na polno prenosive bolesti            <\/h3>\r\n        <\/div>\r\n\r\n    <\/div>\r\n\r\n<\/div>\r\n\n\n\r\n<div id=\"text-block-block_60c0927986a79\" class=\"block-text-block\">\r\n\r\n    <div class=\"flex-row flex-row--align-h-center\">\r\n\r\n        <div class=\"flex-col-md-6\">\r\n            <p><strong>IMA\u0160 POLNO PRENOSIVU BOLEST? TESTIRAJ SE! TESTIRANJE NUDIMO \u017dENAMA I MU\u0160KARCIMA.<\/strong><\/p>\n<p>Oduvek je va\u017eilo da \u201e spavamo sa svim partnerima sa kojima je na\u0161 sada\u0161nji partner imao polne odnose\u201c. Polno prenosive bolesti su infekcije koje se obi\u010dno prenose polnim kontaktima koji mogu biti oralni, vaginalni i analni.<br \/>\nOp\u0161ta za\u0161tita od polno prenosivih bolesti je uzdr\u017eavanje, vernost dva neinficirana partnera ili upotreba barijernih kontraceptivnih sredstava, od kojih je najpoznatiji kondom.<br \/>\nKondom je jedino kontraceptivno sredstvo koje istovremeno \u0161titi od prenosa polno prenosivih bolesti i ne\u017eeljene trudno\u0107e. Na \u017ealost, kondom nije 100% pouzdan ni za polno prenosive bolesti ni za trudno\u0107u.<br \/>\nMnogo polno prenosivih infekcija proti\u010de bez simptoma (asimptomatske infekcije). Kasnije, naro\u010dito u periodu ra\u0111anja, mogu da se poka\u017eu posledice nekih neotkrivenih infekcija kao pote\u0161ko\u0107e pri za\u010de\u0107u i\/ili kao izvanmateri\u010dna trudno\u0107a.<br \/>\nNa mogu\u0107nost infekcije je potrebno misliti uvek kada se upu\u0161tamo u seksualne odnose. Rizik je mnogo ve\u0107i pri \u010destim promenama seksualnih partnera i povremenim seskualnim kontaktima (promiskuitetno seksualno pona\u0161anje).<\/p>\n<p>GONOREJA<br \/>\nGonoreja je veoma \u010desta polno prenosiva bolest koju izaziva Neisseria gonorrhoeae.<br \/>\nPrenosi se polnim odnosima i ve\u0107inom zahvata polne organe. Poznata nam je i gonoreja o\u010dne veznice novoro\u0111en\u010dadi, koji se zaraze u toku poro\u0111aja ukoliko porodilja ima gonoreju. Tako\u0111e, mogu\u0107e su i infekcije anusa i \u017edrela.<br \/>\nKod mu\u0161karaca se nekoliko dana nakon inficiranja pojavi iscedak iz mokra\u0107ne cevi koga prate svrab, peckanje i bol pri mokrenju. Nakon pribli\u017eno 2 nedelje akutno zapaljenje pre\u0111e u hroni\u010dno. Komplikacije nele\u010dene gonoreje kod mu\u0161karca su zapaljenje prostate i pasemenika.<br \/>\nKod \u017eena se u po\u010detnom periodu ne pojavljuju nikakvi problemi. Naj\u010de\u0161\u0107e nema simptoma infekcije, mada mo\u017eemo da vidimo \u017euto-gnojni iscedak. Posledice napredovanja infekcije na gornje genitalije su nepolodnost i izvanmateri\u010dna trudno\u0107a.<br \/>\nDiagnozu gonokokne infekcije postavimo u laboratoriju analizom oduzetog uzorka i le\u010dimo je antibioticima.<\/p>\n<p>SIFILIS<br \/>\nSifilis je polno prenosiva bolest koja mo\u017ee da zahvati sve organe \u010dovekovog tela. Izaziva ga bakterija Treponema pallidum. Vi\u0161e od 95% infekcija nastane u toku polnih odnosa sa zara\u017eenom osobom dok su nepolne infekcije posledica ljubljenja, ugriza i drugih dodira sa pacijentom koji ima promene na ko\u017ei. Tako\u0111e nam je poznat i priro\u0111eni sifilis.<br \/>\nSifilis delimo na rani i kasni (traje do 1 godine odnosno preko 1 godine) i pridobljeni i priro\u0111eni u odnosu na to kako je do zaraze do\u0161lo.<br \/>\nSifilis rutinsko testiramo kod svih trudnica.<br \/>\nLek izbora je jo\u0161 uvek penicilin.<\/p>\n<p>GENITALNE BRADAVICE<br \/>\nGenitalne bradavice su naj\u010de\u0161\u0107a polno prenosiva bolest. Izazivaju ih virusi HPV 6 i HPV 11. Period inkubacije mo\u017ee da traje vi\u0161e meseci. Same promene nisu opasne (benigne su) ali su smetaju\u0107e i neprijatne, u obliku izrastaka na spolja\u0161njim genitalijama ili u vagini.<br \/>\nTerapija je lokalna. (krema, laser, krioterapija..)<\/p>\n<p>GENITALNI HERPES<br \/>\nGenitalni herpes prouzrokuju Herpes simplex virus 2 (genitalni tip) i 1 (oralni tip). \u010cesto dolazi do zaraze u toku oralnih polnih odnosa sa osobom koja ima aktivan oralni herpes. Infekcija prouzrokuje nastanak sitnih mehuri\u0107a na polnom organu i njegovoj okolini koji se kasnije zagnoje. Limfne \u017elezde su na pregibu pove\u0107ane i bolne.<br \/>\nZaraza sa virusom je trajna. Ponavlja se sa raznim okida\u010dkim faktorima (pad otpornosti, stres, bolest, menstruacija).<br \/>\nAko su znaci bolesti prisutni u vreme poro\u0111aja, uradi se carski rez da bi se prepe\u010dila infekcija novoro\u0111en\u010deda.<br \/>\nLe\u010denje je protvvirusnim lekovima.<\/p>\n<p>KLAMIDIJSKE INFEKCIJE<br \/>\nProuzrokuje Chlamydia trachomatis.<br \/>\nKod mu\u0161karaca se pribli\u017eno nakon 14 dana po infekciji pojavi zapaljenje mokra\u0107ne cevi a kasnije i pasemenika. Infekcija mo\u017ee da proti\u010de bez problema.<br \/>\nKod \u017eena mogu klamidije da prouzrokuju zapaljenje mokra\u0107ne cevi, kanala materi\u010dnog vrata, jajovoda, sluznice materice i bolove u maloj karlici. Naj\u010de\u0161\u0107e je asimptomatska infekcija.<br \/>\nPosledice mogu da budu neplodnost, izvanmateri\u010dna trudno\u0107i i hroni\u010dni bolovi u maloj karlici.<br \/>\nInfekciju le\u010dimo antibioticima.<\/p>\n<p>UROGENITALNE MIKOPLAZME<br \/>\nProuzrokuju bakterije Mycoplasma hominis in Ureoplasma spp.<br \/>\nInfekcija je \u010desto bez simptoma, mada mo\u017ee da se poka\u017ee kao zapaljenje mokra\u0107ne cevi kod oba pola. Tada je mokrenje bolno, u donjem delu trbuha je peku\u0107i ose\u0107aj, mo\u017ee da se pojavi i iscedak.<br \/>\nInfekciju zdravimo antibioticima.<\/p>\n<p>TRIHOMONIAZA<br \/>\nInfekciju prouzrokuje Trichomonas vaginalis.<br \/>\nKod mu\u0161karaca obi\u010dno ne prouzrokuje probleme. Retko do\u0111e do zapaljenja u\u0161\u0107a mokra\u0107ne cevi i peku\u0107eg bola pri mokrenju.<br \/>\nKod \u017eena se, nakon inkubacije od nekoliko dana, pojavi penu\u0161av iscedak iz vagine koji smrdi i koga prati svrab spolja\u0161njih genitalija i bol pri mokrenju.<br \/>\nInfekciju le\u010dimo antibioticima.<\/p>\n<p>U Ginekologiji Megli\u010d testiramo:<\/p>\n<ul>\n<li>Klamidija (bris materi\u010dnog vrata ili mokra\u0107ne cevi)<\/li>\n<li>Gonoreja (bris materi\u010dnog vrata ili mokra\u0107ne cevi)<\/li>\n<li>Genitalne ureoplazme i mikoplazme (bris materi\u010dnog vrata ili mokra\u0107ne cevi)<\/li>\n<li>Genitalni herpes (bris sluznice ili test krvi)<\/li>\n<li>Hepatitis A, B i C (test krvi)<\/li>\n<li>HIV (test krvi)<\/li>\n<li>Bris vagine na patogene bakterije<\/li>\n<\/ul>\n        <\/div>\r\n\r\n    <\/div>\r\n\r\n<\/div>\r\n","protected":false},"excerpt":{"rendered":"","protected":false},"author":2,"featured_media":0,"parent":1197,"menu_order":0,"comment_status":"closed","ping_status":"closed","template":"","meta":{"_acf_changed":false,"footnotes":""},"class_list":["post-1277","page","type-page","status-publish","hentry"],"acf":[],"_links":{"self":[{"href":"https:\/\/ginekologijameglic.si\/sr\/wp-json\/wp\/v2\/pages\/1277","targetHints":{"allow":["GET"]}}],"collection":[{"href":"https:\/\/ginekologijameglic.si\/sr\/wp-json\/wp\/v2\/pages"}],"about":[{"href":"https:\/\/ginekologijameglic.si\/sr\/wp-json\/wp\/v2\/types\/page"}],"author":[{"embeddable":true,"href":"https:\/\/ginekologijameglic.si\/sr\/wp-json\/wp\/v2\/users\/2"}],"replies":[{"embeddable":true,"href":"https:\/\/ginekologijameglic.si\/sr\/wp-json\/wp\/v2\/comments?post=1277"}],"version-history":[{"count":2,"href":"https:\/\/ginekologijameglic.si\/sr\/wp-json\/wp\/v2\/pages\/1277\/revisions"}],"predecessor-version":[{"id":1280,"href":"https:\/\/ginekologijameglic.si\/sr\/wp-json\/wp\/v2\/pages\/1277\/revisions\/1280"}],"up":[{"embeddable":true,"href":"https:\/\/ginekologijameglic.si\/sr\/wp-json\/wp\/v2\/pages\/1197"}],"wp:attachment":[{"href":"https:\/\/ginekologijameglic.si\/sr\/wp-json\/wp\/v2\/media?parent=1277"}],"curies":[{"name":"wp","href":"https:\/\/api.w.org\/{rel}","templated":true}]}}