{"id":1286,"date":"2021-07-06T11:58:18","date_gmt":"2021-07-06T09:58:18","guid":{"rendered":"https:\/\/ginekologijameglic.si\/usluge\/patologija-maternicnega-vratu-in-kolposkopija\/"},"modified":"2023-02-16T12:57:53","modified_gmt":"2023-02-16T10:57:53","slug":"patologija-grlica-materice-i-kolposkopija","status":"publish","type":"page","link":"https:\/\/ginekologijameglic.si\/sr\/usluge\/patologija-grlica-materice-i-kolposkopija\/","title":{"rendered":"Patologija grli\u0107a materice i kolposkopija"},"content":{"rendered":"\r\n<div id=\"underline-title-block_60c0925486a78\" class=\"block-underline-title\">\r\n\r\n    <div class=\"container flex-row flex-row--align-h-center\">\r\n\r\n        <div class=\"flex-col-md-6\">\r\n                        <h2                class=\"underline-title block-title\">\r\n                Usluge            <\/h2>\r\n            <h3 class=\"underline-subtitle block-title\">\r\n                Patologija grli\u0107a materice i kolposkopija            <\/h3>\r\n        <\/div>\r\n\r\n    <\/div>\r\n\r\n<\/div>\r\n\n\n\r\n<div id=\"text-block-block_60c0927986a79\" class=\"block-text-block\">\r\n\r\n    <div class=\"flex-row flex-row--align-h-center\">\r\n\r\n        <div class=\"flex-col-md-6\">\r\n            <p>Promene na grli\u0107u materice mo\u017eemo da razdelimo na one koje prouzrokuje infekcija sa HPV i ostale koje nisu povezane sa HPV.<\/p>\n<p>Razlikujemo ih tako \u0161to uradimo HPV test sa posebnim brisom. Tako\u0111e, taj bris mo\u017eemo da uzmemo u Ginekologiji Megli\u010d.<\/p>\n<p>Od patologija grli\u0107a materice koje ne prouzrokuju HPV \u010desto zapa\u017eamo krvarenje nakon polnog odnosa, obilan iscedak i promenjen PAP bris. U svim tim primerima je potrebna kolposkopija.<\/p>\n<p>Od patologija grli\u0107a materice koje prouzrokuju HPV su naj\u010de\u0161\u0107i patolo\u0161ki PAP brisevi, neke prekancerozne promene i rak.<br \/>\nPAP brisom citolo\u0161ko ocenjujemo \u0107elije na grli\u0107u materice. Uz pomo\u0107 PAP brisa se lak\u0161e odlu\u010dimo da li je pacijentkinji potrebna kolposkopija, biopsija, bris na HPV i sli\u010dno. Metodu je 1941. predstavio Georgios Papanikolau, ginekolog u New Yorku.<\/p>\n<p><strong>KOLPOSKOPIJA<\/strong><\/p>\n<p>Dr. Hans Hinselman, \u0161ef ginekolo\u0161ke klinike u Hamburgu, je 1925. godine izumeo kolposkop. To je ure\u0111aj sa lampicom sa kojom 10 puta uve\u0107ano gledamo promene na grli\u0107u materice, vagini i spolja\u0161njim genitalijama. Uz neka pobolj\u0161anja i metode bojenja, kolposkopiju uspe\u0161no upotrebljavamo i danas.<br \/>\nKolposkopijom, u toku ginekolo\u0161kog pregleda, ocenjujemo prirodu promena i potpuno je bezbolno. Ako ocenimo da je potrebno promenu koju vidimo jo\u0161 i patohistolo\u0161ki proveriti (ocena da li je prekancerozna ili kancerozna promena), uradimo biopsiju tako da uzmemo deli\u0107 grli\u0107a materice tj. materi\u010dnog vrata. Ve\u0107ina pacijentkinja oseti biopsiju samo kao dodir bez posebnih bolova.<br \/>\nMo\u017eemo da kolposkopiramo i trudnice ali je takva kolposkopija, zbog svoje zahtevnosti, rezrvisana jedino za najiskusnije kolposkopiste.<\/p>\n<p><strong>PROMENE KOJE PROUZROKUJE HPV<\/strong><\/p>\n<p>HPV infekcije se prenose dodirom sa inficiranom ko\u017eom. Virusi mogu da se nalaze na polnom organu ili njegovoj okolini. Od 10 ljudi vi\u0161e od 8 ih se inficira u svom \u017eivotu. U ve\u0107ini primera infekcije, virus ne prozrokuje probleme ili \u0161tetu jer se imunski sistem oslobodi infekcije. Mogu\u0107e je da se \u010dovek zarazi razli\u010ditim tipovima HPV. Za zapaljenje je osetljivija osoba sa oslabljenim imunim sistemom. Infekcija zna\u010dajno lo\u0161ije proti\u010de kod pu\u0161a\u010da.<\/p>\n<p>Infekciju mo\u017eemo efikasno da prepre\u010dimo vakcinacijom protiv HPV ako se vakcini\u0161emo jo\u0161 pre ulaska u polni \u017eivot. Dokazano je da vakcinacija poma\u017ee kod ponavljanja bolesti i kod osoba koje su se ve\u0107 inficirale i razbolele. Vakcini\u0161emo i u Ginekologiji Megli\u010d.<\/p>\n<p>Osobe koje su zara\u017eene sa HPV u ve\u0107ini slu\u010dajeva uop\u0161te ne znaju da su zara\u017eene. Kod ve\u0107ine \u017eena (90%) infekcija spontano pro\u0111e nakon 8 do 12 meseci.<br \/>\nKod nekih \u017eena (10%) mo\u017ee da se razvije perzistentna (trajna) infekcija sa HPV. Kod takvih je ve\u0107i rizik za razvoj te\u017eih prekanceroznih promena i raka grli\u0107a materice.<\/p>\n<p>Niskorizi\u010dne displazije koje prouzrokuju HPV imenujemo tako\u0111e PIL-NS (po starom CIN I), a visokorizi\u010dne PIL-VS (po starom CIN II i CIN III).<br \/>\nPIL-NS je \u010dest kod mladih. 98% infekcija sa HPV is\u010dezne tokom 2-3 godine. Mada, do 10% njih nakon pribli\u017eno 16 meseci napreduje u PIL-VS.<br \/>\nZa PIL VS je zna\u010dajno da u 32% polako nazaduje, u 46% ostaje i u 22% napreduje u rak grli\u0107a materice.<br \/>\nU Sloveniji godi\u0161nje imamo 500 pacijentkinja sa PIL-NS i 1800 sa PIL-VS.<\/p>\n        <\/div>\r\n\r\n    <\/div>\r\n\r\n<\/div>\r\n\n\n\n<figure class=\"wp-block-gallery has-nested-images columns-default is-cropped container flex-row flex-row--align-h-center wp-block-gallery-1 is-layout-flex wp-block-gallery-is-layout-flex\">\n<figure class=\"wp-block-image size-large\"><img loading=\"lazy\" decoding=\"async\" width=\"504\" height=\"430\" data-id=\"712\" src=\"https:\/\/ginekologijameglic.si\/wp-content\/uploads\/2021\/07\/CIN-I.png\" alt=\"\" class=\"wp-image-712\" srcset=\"https:\/\/ginekologijameglic.si\/wp-content\/uploads\/2021\/07\/CIN-I.png 504w, https:\/\/ginekologijameglic.si\/wp-content\/uploads\/2021\/07\/CIN-I-300x256.png 300w\" sizes=\"auto, (max-width: 504px) 100vw, 504px\" \/><figcaption class=\"wp-element-caption\">CIN I<\/figcaption><\/figure>\n\n\n\n<figure class=\"wp-block-image size-large\"><img loading=\"lazy\" decoding=\"async\" width=\"504\" height=\"440\" data-id=\"713\" src=\"https:\/\/ginekologijameglic.si\/wp-content\/uploads\/2021\/07\/CIN-III.png\" alt=\"\" class=\"wp-image-713\" srcset=\"https:\/\/ginekologijameglic.si\/wp-content\/uploads\/2021\/07\/CIN-III.png 504w, https:\/\/ginekologijameglic.si\/wp-content\/uploads\/2021\/07\/CIN-III-300x262.png 300w\" sizes=\"auto, (max-width: 504px) 100vw, 504px\" \/><figcaption class=\"wp-element-caption\">CIN III<\/figcaption><\/figure>\n\n\n\n<figure class=\"wp-block-image size-large\"><img loading=\"lazy\" decoding=\"async\" width=\"767\" height=\"1024\" data-id=\"711\" src=\"https:\/\/ginekologijameglic.si\/wp-content\/uploads\/2021\/07\/Karcinom-767x1024.jpg\" alt=\"\" class=\"wp-image-711\" srcset=\"https:\/\/ginekologijameglic.si\/wp-content\/uploads\/2021\/07\/Karcinom-767x1024.jpg 767w, https:\/\/ginekologijameglic.si\/wp-content\/uploads\/2021\/07\/Karcinom-225x300.jpg 225w, https:\/\/ginekologijameglic.si\/wp-content\/uploads\/2021\/07\/Karcinom-768x1025.jpg 768w, https:\/\/ginekologijameglic.si\/wp-content\/uploads\/2021\/07\/Karcinom-587x784.jpg 587w, https:\/\/ginekologijameglic.si\/wp-content\/uploads\/2021\/07\/Karcinom.jpg 848w\" sizes=\"auto, (max-width: 767px) 100vw, 767px\" \/><figcaption class=\"wp-element-caption\">Karcinom<\/figcaption><\/figure>\n<\/figure>\n\n\n\r\n<div id=\"text-block-block_60f5c166594af\" class=\"block-text-block\">\r\n\r\n    <div class=\"flex-row flex-row--align-h-center\">\r\n\r\n        <div class=\"flex-col-md-6\">\r\n            <p>Uz pomo\u0107 odli\u010dne citologije (PAP brisevi), HPV brisevi, kolposkopije i biopsije, u Sloveniji odli\u010dno savladavamo promene na grli\u0107u materice, \u0161to nas uvr\u0161tava izme\u0111u prvih 5 dr\u017eava na svetu po uspe\u0161nosti savla\u0111ivanja raka grli\u0107a materice. Vakcinacijom protiv HPV \u0107emo biti jo\u0161 uspe\u0161niji.<\/p>\n        <\/div>\r\n\r\n    <\/div>\r\n\r\n<\/div>\r\n\n\n\r\n<div id=\"text-block-block_63ee0a5eb348f\" class=\"block-text-block\">\r\n\r\n    <div class=\"flex-row flex-row--align-h-center\">\r\n\r\n        <div class=\"flex-col-md-6\">\r\n            <p>CERVIKOSKOPIJA<\/p>\n<p>Poseban dio kolposkopije je cervikoskopija u kojoj se zbog patolo\u0161kog PAP brisa pregledava cervikalni kanal i uzimaju uzorci za patohistolo\u0161ku pretragu. Za pregled se koristi ambulantni histeroskop. Uglavnom se koristi kada se tijekom kolposkopije ne na\u0111u promjene koje bi objasnile patolo\u0161ki PAP bris, posebice kada se \u017eljezdane stanice identificiraju kao patolo\u0161ke.<\/p>\n        <\/div>\r\n\r\n    <\/div>\r\n\r\n<\/div>\r\n\n\n\r\n<div id=\"custom-image-block-block_63ee0a75b3490\" class=\"block-custom-image-block\">\r\n    <div class=\"container flex-row flex-row--align-h-center\">\r\n        <div class=\"flex-col-md-6\">\r\n            <img loading=\"lazy\" decoding=\"async\" width=\"445\" height=\"387\" src=\"https:\/\/ginekologijameglic.si\/wp-content\/uploads\/2023\/02\/image1_1-2.jpeg\" class=\"attachment-custom-image-block size-custom-image-block\" alt=\"\" srcset=\"https:\/\/ginekologijameglic.si\/wp-content\/uploads\/2023\/02\/image1_1-2.jpeg 445w, https:\/\/ginekologijameglic.si\/wp-content\/uploads\/2023\/02\/image1_1-2-300x261.jpeg 300w\" sizes=\"auto, (max-width: 445px) 100vw, 445px\" \/>        <\/div>\r\n    <\/div>\r\n<\/div>\n\n\r\n<div id=\"text-block-block_63ee0a92b3491\" class=\"block-text-block\">\r\n\r\n    <div class=\"flex-row flex-row--align-h-center\">\r\n\r\n        <div class=\"flex-col-md-6\">\r\n            <p>Cervikalni kanal \u017eene reproduktivne dobi<\/p>\n        <\/div>\r\n\r\n    <\/div>\r\n\r\n<\/div>\r\n\n\n\r\n<div id=\"custom-image-block-block_63ee0babb3492\" class=\"block-custom-image-block\">\r\n    <div class=\"container flex-row flex-row--align-h-center\">\r\n        <div class=\"flex-col-md-6\">\r\n            <img loading=\"lazy\" decoding=\"async\" width=\"445\" height=\"423\" src=\"https:\/\/ginekologijameglic.si\/wp-content\/uploads\/2023\/02\/image2_1-2.jpeg\" class=\"attachment-custom-image-block size-custom-image-block\" alt=\"\" srcset=\"https:\/\/ginekologijameglic.si\/wp-content\/uploads\/2023\/02\/image2_1-2.jpeg 445w, https:\/\/ginekologijameglic.si\/wp-content\/uploads\/2023\/02\/image2_1-2-300x285.jpeg 300w\" sizes=\"auto, (max-width: 445px) 100vw, 445px\" \/>        <\/div>\r\n    <\/div>\r\n<\/div>\n\n\r\n<div id=\"text-block-block_63ee0bb3b3493\" class=\"block-text-block\">\r\n\r\n    <div class=\"flex-row flex-row--align-h-center\">\r\n\r\n        <div class=\"flex-col-md-6\">\r\n            <p>Cervikalni kanal \u017eene u postmenopauzi<\/p>\n        <\/div>\r\n\r\n    <\/div>\r\n\r\n<\/div>\r\n","protected":false},"excerpt":{"rendered":"","protected":false},"author":2,"featured_media":0,"parent":1197,"menu_order":0,"comment_status":"closed","ping_status":"closed","template":"","meta":{"_acf_changed":false,"footnotes":""},"class_list":["post-1286","page","type-page","status-publish","hentry"],"acf":[],"_links":{"self":[{"href":"https:\/\/ginekologijameglic.si\/sr\/wp-json\/wp\/v2\/pages\/1286","targetHints":{"allow":["GET"]}}],"collection":[{"href":"https:\/\/ginekologijameglic.si\/sr\/wp-json\/wp\/v2\/pages"}],"about":[{"href":"https:\/\/ginekologijameglic.si\/sr\/wp-json\/wp\/v2\/types\/page"}],"author":[{"embeddable":true,"href":"https:\/\/ginekologijameglic.si\/sr\/wp-json\/wp\/v2\/users\/2"}],"replies":[{"embeddable":true,"href":"https:\/\/ginekologijameglic.si\/sr\/wp-json\/wp\/v2\/comments?post=1286"}],"version-history":[{"count":9,"href":"https:\/\/ginekologijameglic.si\/sr\/wp-json\/wp\/v2\/pages\/1286\/revisions"}],"predecessor-version":[{"id":1669,"href":"https:\/\/ginekologijameglic.si\/sr\/wp-json\/wp\/v2\/pages\/1286\/revisions\/1669"}],"up":[{"embeddable":true,"href":"https:\/\/ginekologijameglic.si\/sr\/wp-json\/wp\/v2\/pages\/1197"}],"wp:attachment":[{"href":"https:\/\/ginekologijameglic.si\/sr\/wp-json\/wp\/v2\/media?parent=1286"}],"curies":[{"name":"wp","href":"https:\/\/api.w.org\/{rel}","templated":true}]}}