{"id":2037,"date":"2024-07-04T13:24:57","date_gmt":"2024-07-04T11:24:57","guid":{"rendered":"https:\/\/ginekologijameglic.si\/cjenovnik\/"},"modified":"2026-02-23T10:55:20","modified_gmt":"2026-02-23T08:55:20","slug":"cjenovnik","status":"publish","type":"page","link":"https:\/\/ginekologijameglic.si\/sr\/cjenovnik\/","title":{"rendered":"Cjenovnik"},"content":{"rendered":"\n<div style=\"height:80px\" aria-hidden=\"true\" class=\"wp-block-spacer\"><\/div>\n\n\n\r\n<div id=\"text-block-block_b8aeb49b4ab2456d53f511466dcef4bb\" class=\"block-text-block\">\r\n\r\n    <div class=\"flex-row flex-row--align-h-center\">\r\n\r\n        <div class=\"flex-col-md-6\">\r\n            <h1>Cjenovnik<\/h1>\n<h2 id=\"ginekologija\">GINEKOLOGIJA<\/h2>\n<p>&#8211; IZDAVANJE RECEPTA: 20 \u20ac<br \/>\n&#8211; IZDAVANJE DOKUMENTA: 50\u20ac<br \/>\n&#8211; GINEKOLO\u0160KI PREGLED: 60 \u20ac<br \/>\n&#8211; GINEKOLO\u0160KI ULTRAZVUK: 80 \u20ac<br \/>\n&#8211; GINEKOLO\u0160KI ULTRAZVUK PRE TRUDNO\u0106E: 90 \u20ac<br \/>\n&#8211; PAP TEST UZ PREGLED: 25 \u20ac<br \/>\n&#8211; KOLPOSKOPIJA: 120 \u20ac<br \/>\n&#8211; STAVLJANJE POTKO\u017dNIHKONTRACEPTIVNIH IMPLANTATA: 100 \u20ac<br \/>\n&#8211; VA\u0110ENJE POTKO\u017dNIH KONTRACEPTIVNIH IMPLANTATA: 100 \u20ac<br \/>\n&#8211; USTAVLJANJE ULO\u0160KA U MATERNICU: 80 \u20ac<br \/>\n&#8211; UKLANJANJE ULO\u0160KA IZ MATERICE: 60 \u20ac<br \/>\n&#8211; IMPLANON: 250\u20ac<br \/>\n&#8211; KYLEENA: 110 \u20ac<br \/>\n&#8211; MIRENA: 110 \u20ac<br \/>\n&#8211; BAKARNI ULO\u017dAK ZA MATERICU: 70 \u20ac<br \/>\n&#8211; PREGLED DOJKI: 50 \u20ac<br \/>\n&#8211; INTRAMUSKULARNA PRIMJENA LIJEKA : 70\u20ac<br \/>\n&#8211; KONSULTACIJA DO 15 MIN: 60 \u20ac<br \/>\n&#8211; KONSULTACIJA OD 15 MIN: 150 \u20ac<br \/>\n&#8211; TELEFONSKI RAZGOVOR\/SAVETOVANJE: 60 \u20ac<br \/>\n&#8211; DRUGO MI\u0160LJENJE: 250 \u20ac<br \/>\n&#8211; KALIBRACIJA\/UMETANJE PESARJA: 80 \u20ac<br \/>\n&#8211; PROMJENA PESARJA: 70 \u20ac<br \/>\n&#8211; PESAR CLASSIC: 50 \u20ac<br \/>\n&#8211; PESAR KOCKA: 80 \u20ac<br \/>\n&#8211; PREGLED PROHODNOSTI JAJOVODA SA KONSULTACIJOM(HyFoSy): 260 \u20ac<\/p>\n<p>&#8211; NEUSPJELI PREGLED PROHODNOSTI JAJOVODA (HyFoSy): 100 \u20ac<br \/>\n&#8211; LIDBREE (LOKALNI ANESTETIK): 50 \u20ac<\/p>\n<h2 id=\"laserska-terapija\">LASERSKA TERAPIJA<\/h2>\n<p>&#8211; LASERSKI TRETMAN KONDILOMA ( DO 5): 280 \u20ac<br \/>\n&#8211; LASERSKI TRETMAN KONDILOMA (VI\u0160E OD 5): 360\u20ac<br \/>\n&#8211; LASERSKI TRETMAN KONDILOMA (U VI\u0160E PROCEDURA): 280\u20ac\/PROCEDURA<br \/>\n&#8211; LASERSKI TRETMAN STRESNE URINARNE INKONTINENCIJE:<br \/>\n1. POSTUPAK: 330 \u20ac<br \/>\n2. POSTUPAK: 300 \u20ac<br \/>\n3. POSTUPAK: 270 \u20ac<\/p>\n<p>&#8211; LASERSKI TRETMAN URINARNE INKONTINENCIJE INTRAURETRALNI: 330\u20ac\/PROCEDURA<\/p>\n<p>&#8211; LASERSKI TRETMAN STRESNE URINARNE INKONTINENCIJE KOMBINOVAN TRANSVAGINALNI I INTRAURETRALNI: 550\u20ac\/PROCEDURA<\/p>\n<p>&#8211; LASERSKI TRETMAN OPU\u0160TENE VAGINE: 340 \u20ac\/PROCEDURA<\/p>\n<p>&#8211; LASERSKI TRETMAN PROMJENA NA GRLI\u0106U\/VAGINI\/VANJSKIM GENITALIJAMA (CIN, VAIN, VIN): 300\u20ac<br \/>\n&#8211; LASERSKI TRETMAN SKLEROTI\u010cKOG LIHENA: 280\u20ac\/PROCEDURA<br \/>\n&#8211; LASERSKI TRETMAN CISTOKELE\/RECTOKELE:<br \/>\no 1. POSTUPAK: 330 \u20ac<br \/>\no 2. POSTUPAK: 300 \u20ac<br \/>\no 3. POSTUPAK: 270 \u20ac<br \/>\n&#8211; LASERSKI TRETMAN VAGINALNE ATROFIJE: 300\u20ac\/PROCEDURA<br \/>\n&#8211; LASERSKI TRETMAN EPISIOTOMIJE I DRUGIH O\u017dILJAKA: 280\u20ac\/PROCEDURA<br \/>\n&#8211; LASERSKA MARSUPIALIZACIJA BARTOLINOVE \u017dLEZDE: 330 \u20ac<\/p>\n<p>&#8211; LASERSKA EVAPORIZACIJA ATEROMA VULVE: 380\u20ac<\/p>\n<h2 id=\"GRLICA-MATERNICE\">PATOLOGIJA GRLI\u0106A MATERNICE<\/h2>\n<p>&#8211; KOLPOSKOPIJA: 120 \u20ac<br \/>\n&#8211; PAP BRIS UZ PREGLED: 25 \u20ac<br \/>\n&#8211; HPV BRIS II GENERACIJA: 65 \u20ac<\/p>\n<p>&#8211; HPV BRIS SA STATUSOM METILACIJE: 300\u20ac<br \/>\n&#8211; BIOPSIJA\/ABRAZIJA SA HISTOPATOLO\u0160KOM PREGLEDOM: 250\u20ac<br \/>\n&#8211; CERVIKOSKOPIJA: 300 \u20ac<br \/>\n&#8211; LASERSKI TRETMAN PROMJENA NA GRLI\u0106U\/VAGINI\/VANJSKIM GENITALIJAMA (CIN, VAIN, VIN): 300\u20ac<br \/>\n&#8211; LLETZ KONIZACIJA SA HISTOPATOLO\u0160KIM PREGLEDOM: 1000\u20ac<\/p>\n<p>&#8211; VULVEKTOMIJA JEDNOSTRANA SA HISTOPATOLO\u0160KIM PREGLEDOM: 1450\u20ac<\/p>\n<p>&#8211; VULVEKTOMIJA OBJE STRANE SA HISTOPATOLO\u0160KIM PREGLEDOM: 1750\u20ac<\/p>\n<h2>AMBULANTSKE HIRUR\u0160KE PROCEDURE<\/h2>\n<p>&#8211; PERINEOPLASTIKA: 800 \u20ac<\/p>\n<p>&#8211; MINIMALNA OPERACIJA VANJSKIH GENITALIJA\/VAGINE: 250\u20ac<\/p>\n<p>&#8211; MALA OPERACIJA VANJSKIH GENITALIJA: 400\u20ac<\/p>\n<p>&#8211; OPERACIJA VANJSKIH GENITALIJA: 600\u20ac<\/p>\n<p>&#8211; BIOPSIJA\/ABRAZIJA SA HISTOPATOLO\u0160KIM PRETRAGOM: 250\u20ac<\/p>\n<p>&#8211; LLETZ KONIZACIJA SA HISTOPATOLO\u0160KOM PRETRAGOM: 1000\u20ac<\/p>\n<h2 id=\"ESTETSKIE-GINEKOLOSKE-PROCEDURE\">ESTETSKIE GINEKOLO\u0160KE PROCEDURE<\/h2>\n<p>&#8211; PERINEOPLASTIKA: 800 \u20ac<br \/>\n&#8211; KOREKCIJA VOLUMINA VELIKIH STIDNIH USANA SA FILERIMA<br \/>\nNEAUVIA ROSE 1ML: 350 \u20ac<br \/>\n&#8211; DODATNI 1ML NA ISTOJ SESIJI: 200\u20ac<br \/>\n&#8211; LABIOPLASTIKA:<br \/>\nOBJE STRANE: 1.500 \u20ac<br \/>\nJEDNOSTRANO: 1.200 \u20ac<\/p>\n<p>&#8211; HIMENOPLASTIKA: 1.400\u20ac<br \/>\n&#8211; LASERSKI TRETMAN EPISIOTOMIJE I DRUGIH O\u017dILJAKA: 280\u20ac\/PROCEDURA<br \/>\n&#8211; LASERSKI TRETMAN OPU\u0160TENE VAGINE: 340 \u20ac\/PROCEDURA<\/p>\n<h2 id=\"ambulantne-histeroskopije\">AMBULANTNE HISTEROSKOPIJE<\/h2>\n<p>U cijenu zahvata uklju\u010dena je i lokalna anestezija, \u0161to omogu\u0107ava bezbolan zahvat.<br \/>\n&#8211; DIJAGNOSTI\u010cKI HSC (bez biopsije): 450 \u20ac<br \/>\n&#8211; DIJAGNOSTI\u010cKI HSC (sa biopsijom): 550 \u20ac<\/p>\n<p>&#8211; DIJAGNOSTI\u010cKI HSC (sa biopsijom i bojenjem na CB138): 600\u20ac<br \/>\n&#8211; HSC IUD UKLANJANJE: 550 \u20ac<br \/>\n&#8211; UKLANJANJE SEPTUMA: 550\u20ac<br \/>\n&#8211; UKLANJANJE POLIPA\/MIOMA (uklju\u010duju\u0107i biopsiju): 750 \u20ac<\/p>\n<p>&#8211; NEUSPJELA HISTEROSKOPIJA: 100\u20ac<br \/>\n&#8211; CERVIKOSKOPIJA: 300 \u20ac<\/p>\n<p>&#8211; VAGINOSKOPIJA: 300\u20ac<\/p>\n<p>&#8211; URETROSKOPIJA KOD MU\u0160KARCA: 300\u20ac<\/p>\n<h2 id=\"TRUDNOCA\">TRUDNO\u0106A<\/h2>\n<p>&#8211; ULTRAZVU\u010cNA POTVRDA TRUDNO\u0106E: 600 \u20ac<\/p>\n<p>&#8211; PRVI PREGLED TIJEKOM TRUDNO\u0106E S LABORATORIJOM: 330\u20ac<br \/>\n&#8211; MERENJE NUHALNE SVETLJINE I RANE FETALNE MORFOLOGIJE: 75 \u20ac<br \/>\n&#8211; MORFOLOGIJA FETUSA: 120 \u20ac<br \/>\n&#8211; KONTROLA RASTA FETUSA: 90 \u20ac<br \/>\n&#8211; ULTRAZVU\u010cNO MERENJE DU\u017dINE GRLI\u0106A MATERICE: 50\u20ac<br \/>\n&#8211; ODRE\u0110IVANJE POLA: 60 \u20ac<br \/>\n&#8211; MERENJE PROTOKA DOPLEROM U TRUDNO\u0106I: 70 \u20ac<br \/>\n&#8211; 3D\/4D ULTRAZVUK SA SNIMANJEM NA USB KARTICU: 120 \u20ac<\/p>\n<p>&#8211; KREIRANJE 3D MODELA FETUSA\/LICA<br \/>\n&#8211; SKRINING TEST NA STREPTOKOK AG. SK. B: 65 \u20ac<br \/>\n&#8211; CTG: 40 \u20ac<br \/>\n&#8211; DHT (TEST DUALNIH HORMONA): 48 \u20ac<br \/>\n&#8211; USB KARTICA: 15 \u20ac<br \/>\n&#8211; REDOVNA KONTROLA TRUDNICA (KRVNI PRITISAK, TE\u017dINA, URIN): 30\u20ac<br \/>\n&#8211; KNJI\u017dICA TRUDNICE: 12 \u20ac<\/p>\n<h2 id=\"NIPT-TESTOVI\">NIPT TESTOVI<\/h2>\n<p>&#8211; NIFTY BASIC: 350 \u20ac<br \/>\n&#8211; NIFTY STANDARD: 390 \u20ac<br \/>\n&#8211; NIFTY BLIZANCI: 390 \u20ac<br \/>\n&#8211; NIFTY PLUS: 590 \u20ac<br \/>\n&#8211; NIFTY PRO: 890 \u20ac<\/p>\n<p>&#8211; NIFTY PREMIUM: 1490\u20ac<\/p>\n<p>&#8211; NIFTY CF &amp; SMA Carrier: 150\u20ac<\/p>\n<p>&#8211; QUALIFIED 90: 440\u20ac<\/p>\n<p>&#8211; QUALIFIED 120: 490\u20ac<br \/>\n&#8211; QUALIFIED 180: 590\u20ac<br \/>\n&#8211; QUALIFIED 360: 690 \u20ac<\/p>\n<p>&#8211; QUALIFIED WANISHING TWIN: 420\u20ac<\/p>\n<p>&#8211; QUALIFIED PLUS: 590\u20ac<\/p>\n<p>&#8211; QALIFIED KARYO PLUS: 990\u20ac<\/p>\n<p>&#8211; QUALIFIED COMPLETA PLUS: 1490\u20ac<\/p>\n<p>&#8211; QUALIFIED FULL RISK: 1690\u20ac<\/p>\n<p>&#8211; QUALIFIED TWIN BASIC: 380\u20ac<\/p>\n<p>&#8211; QUALIFIED TWIN 360: 690\u20ac<\/p>\n<p>&#8211; INITIATIVE (SMA + CF): 150\u20ac<br \/>\n&#8211; PANORAMA TWINS: 390 \u20ac<br \/>\n&#8211; PANORAMA PLUS: 490 \u20ac<br \/>\n&#8211; VERACITY CORE: 350 \u20ac<br \/>\n&#8211; VERACITY PLUS: 390 \u20ac<br \/>\n&#8211; VERACITY ADVANCED: 590 \u20ac<br \/>\n&#8211; NIPT VERAGENE + SMA: 990 \u20ac<\/p>\n<h2 id=\"dna-testi\">DNA TESTI<\/h2>\n<p>&#8211; CANCER SCREEN TEST BASIC: 320\u20ac<br \/>\n&#8211; CANCER SCREEN TEST STANDARD: 365\u20ac<br \/>\n&#8211; CANCER SCREEN TEST PLUS: 435\u20ac<br \/>\n&#8211; VENISAFE: 250\u20ac<\/p>\n<h2 id=\"SEKSUALNO-PRENOSIVE-BOLESTI\">SEKSUALNO PRENOSIVE BOLESTI<\/h2>\n<p>&#8211; UZIMANJE BRISA (konsultacija i ev. terapija): 55\u20ac<\/p>\n<p>&#8211; UZIMANJE KRVI (konsultacija i ev. terapija): 55\u20ac<\/p>\n<p>&#8211; PREGLED MU\u0160KIH GENITALIJA: 60\u20ac<\/p>\n<p>&#8211; HITNO SLANJE UZORKA: 20\u20ac<br \/>\n&#8211; HLAMIDIJA I GONOREJA (PCR): 95 \u20ac<br \/>\n&#8211; UROGENITALNE MIKOPLAZME\/TRICHOMONAS (PCR): 100 \u20ac<br \/>\n&#8211; TRIHOMONAS VAGINALIS: 80 \u20ac<br \/>\n&#8211; SIFILIS: 30 \u20ac<br \/>\n&#8211; HIV: 30 \u20ac<br \/>\n&#8211; HEPATITIS B: 20 \u20ac<br \/>\n&#8211; HEPATITIS C: 40 \u20ac<br \/>\n&#8211; HERPES SIMPLEX TIP 1: 90 \u20ac<br \/>\n&#8211; HERPES SIMPLEX TIP 2: 60 \u20ac<br \/>\n&#8211; HPV II GENERACIJA: 65 \u20ac<\/p>\n<h2 id=\"DRUGE-INFEKCIJE\">DRUGE INFEKCIJE<\/h2>\n<p>&#8211; VAGINIALNI BRIS NA PATOGENE BAKTERIJE I GLJIVE: 130 \u20ac<\/p>\n<p>&#8211; VAGINALNI BRIS NA GLJIVE: 70\u20ac<br \/>\n&#8211; SANFORD: 60 \u20ac<br \/>\n&#8211; PARVOVIRUS B 19: 80 \u20ac<br \/>\n&#8211; RUBEOLA: 65 \u20ac<br \/>\n&#8211; CITOMEGALOVIRUS: 60 \u20ac<br \/>\n&#8211; VARI\u010cELA\/VODENE O\u0160PICE: 65\u20ac<br \/>\n&#8211; TOXOPLASMA GONDII: 45 \u20ac<\/p>\n<h2 id=\"hormonski-testi\">HORMONSKI TESTI<\/h2>\n<p>&#8211; TSH: 10 \u20ac<br \/>\n&#8211; T3: 10 \u20ac<br \/>\n&#8211; T4: 10 \u20ac<\/p>\n<p>&#8211; ANTI TPO: 20\u20ac<\/p>\n<p>&#8211; ANTI TG: 20\u20ac<br \/>\n&#8211; KORTIZOL: 25 \u20ac<br \/>\n&#8211; FSH: 12 \u20ac<br \/>\n&#8211; LH: 12 \u20ac<br \/>\n&#8211; PROLAKTIN: 12 \u20ac<br \/>\n&#8211; ESTRADIOL: 15 \u20ac<br \/>\n&#8211; PROGESTERON: 15 \u20ac<br \/>\n&#8211; TESTOSTERON: 15 \u20ac<\/p>\n<p>&#8211; SLOBODNI TESTOSTERON: 15\u20ac<br \/>\n&#8211; DHEA-S: 25 \u20ac<br \/>\n&#8211; AMH: 40 \u20ac<br \/>\n&#8211; BETA HCG: 15 \u20ac<\/p>\n<h2 id=\"tumorski-markerji\">TUMORSKI MARKERJI<\/h2>\n<p>&#8211; CA 125: 20 \u20ac<br \/>\n&#8211; ROMA INDEKS: 60 \u20ac<br \/>\n&#8211; CEA: 20 \u20ac<br \/>\n&#8211; CA 19-9: 20 \u20ac<br \/>\n&#8211; CA 15-3: 20 \u20ac<br \/>\n&#8211; ALFA FP: 25 \u20ac<\/p>\n<p>&#8211; PSA: 10 \u20ac<br \/>\n&#8211; TUMA\u010cENJE NALAZA: 50 \u20ac<\/p>\n<h2 id=\"ostalo\">TRETMAN U PERI\/MENOPAUZI<\/h2>\n<p>&#8211; PRVI TRETMAN U PERI\/MENOPAUZI (KONSULTACIJA + GINEKOLO\u0160KI ULTRAZVUK): 165 \u20ac<\/p>\n<p>&#8211; KONSULTACIJE ZA PERI\/MENOPAUZU: 100\u20ac<\/p>\n<p>&#8211; MJERENJE TJELESNOG SASTAVA: 50 \u20ac<\/p>\n<p>&#8211; LABORATORIJSKI PAKET 1: 160 \u20ac<\/p>\n<p>&#8211; LABORATORIJSKI PAKET 2: 155 \u20ac<\/p>\n<p>&#8211; LABORATORIJSKI PAKET 3: 175 \u20ac<\/p>\n<h2>OSTALO<\/h2>\n<p>&#8211; VAKCINACIJA protiv HVP (GARDASIL 9): 75 \u20ac\/DOZA<\/p>\n<p>&#8211; VAKCINACIJA protiv HIPPIVOG KA\u0160LJA\/PERTUSISA (ADACEL): 25\u20ac<br \/>\n&#8211; VAKCINACIJA protiv RSV (ABRYSVO): 180 \u20ac<\/p>\n<p>&#8211; KONSULTACIJA PRE VAKCINISANJA. 55 \u20ac<br \/>\n&#8211; KARTICA VAKCINACIJE: 5 \u20ac<br \/>\n&#8211; RHOPHILAC: 60 \u20ac<\/p>\n<p>&#8211; RfD FENOTIP + ICT: 120\u20ac<\/p>\n<p>&#8211; ICT: 16\u20ac<\/p>\n<p>&#8211; LIPIDOGRAM: 8\u20ac<\/p>\n<p>&#8211; LIPOPROTEIN A: 25 \u20ac<\/p>\n<p>&#8211; HEMOGRAM: 5 \u20ac<br \/>\n&#8211; HEPATOGRAM: 15 \u20ac<\/p>\n<p>&#8211; AMILAZA: 3,5 \u20ac<\/p>\n<p>&#8211; LIPAZA: 3,5\u20ac<\/p>\n<p>&#8211; TESTOVI BUBREGA: 15 \u20ac<br \/>\n&#8211; CRP: 7 \u20ac<\/p>\n<p>&#8211; hsCRP: 7 \u20ac<br \/>\n&#8211; URIN: 7 \u20ac<br \/>\n&#8211; FOLNA KISELINA: 20 \u20ac<br \/>\n&#8211; VITAMIN B12: 20 \u20ac<br \/>\n&#8211; VITAMIN D: 40 \u20ac<br \/>\n&#8211; GLUKOZA: 3 \u20ac<br \/>\n&#8211; HbA1c: 10 \u20ac<\/p>\n<p>&#8211; HOMA INDEX: 20 \u20ac<br \/>\n&#8211; FERITIN: 10 \u20ac<\/p>\n<p>&#8211; \u017dELJEZO: 8 \u20ac<br \/>\n&#8211; KRVNA GRUPA I RH FAKTOR: 35 \u20ac<br \/>\n&#8211; KNJI\u017dICA TRUDNICE: 12 \u20ac<br \/>\n&#8211; DOLAZAK EKIPE VAN RADNOG VREMENA: 200\u20ac<\/p>\n        <\/div>\r\n\r\n    <\/div>\r\n\r\n<\/div>\r\n","protected":false},"excerpt":{"rendered":"","protected":false},"author":1,"featured_media":0,"parent":0,"menu_order":0,"comment_status":"closed","ping_status":"closed","template":"","meta":{"_acf_changed":false,"footnotes":""},"class_list":["post-2037","page","type-page","status-publish","hentry"],"acf":[],"_links":{"self":[{"href":"https:\/\/ginekologijameglic.si\/sr\/wp-json\/wp\/v2\/pages\/2037","targetHints":{"allow":["GET"]}}],"collection":[{"href":"https:\/\/ginekologijameglic.si\/sr\/wp-json\/wp\/v2\/pages"}],"about":[{"href":"https:\/\/ginekologijameglic.si\/sr\/wp-json\/wp\/v2\/types\/page"}],"author":[{"embeddable":true,"href":"https:\/\/ginekologijameglic.si\/sr\/wp-json\/wp\/v2\/users\/1"}],"replies":[{"embeddable":true,"href":"https:\/\/ginekologijameglic.si\/sr\/wp-json\/wp\/v2\/comments?post=2037"}],"version-history":[{"count":18,"href":"https:\/\/ginekologijameglic.si\/sr\/wp-json\/wp\/v2\/pages\/2037\/revisions"}],"predecessor-version":[{"id":2513,"href":"https:\/\/ginekologijameglic.si\/sr\/wp-json\/wp\/v2\/pages\/2037\/revisions\/2513"}],"wp:attachment":[{"href":"https:\/\/ginekologijameglic.si\/sr\/wp-json\/wp\/v2\/media?parent=2037"}],"curies":[{"name":"wp","href":"https:\/\/api.w.org\/{rel}","templated":true}]}}