{"id":2147,"date":"2024-09-09T13:27:24","date_gmt":"2024-09-09T11:27:24","guid":{"rendered":"https:\/\/ginekologijameglic.si\/implanon\/"},"modified":"2024-09-09T13:29:04","modified_gmt":"2024-09-09T11:29:04","slug":"implanon","status":"publish","type":"page","link":"https:\/\/ginekologijameglic.si\/sr\/implanon\/","title":{"rendered":"Implanon"},"content":{"rendered":"\r\n<div id=\"underline-title-block_66ded36d1bb72\" class=\"block-underline-title\">\r\n\r\n    <div class=\"container flex-row flex-row--align-h-center\">\r\n\r\n        <div class=\"flex-col-md-6\">\r\n                        <h2                class=\"underline-title block-title\">\r\n                Usluge            <\/h2>\r\n            <h3 class=\"underline-subtitle block-title\">\r\n                Implanon \u2013 kontracepcijski implantat            <\/h3>\r\n        <\/div>\r\n\r\n    <\/div>\r\n\r\n<\/div>\r\n\n\n\r\n<div id=\"custom-image-block-block_66ded7cf3371c\" class=\"block-custom-image-block\">\r\n    <div class=\"container flex-row flex-row--align-h-center\">\r\n        <div class=\"flex-col-md-6\">\r\n            <img loading=\"lazy\" decoding=\"async\" width=\"1152\" height=\"769\" src=\"https:\/\/ginekologijameglic.si\/wp-content\/uploads\/2024\/09\/implant-2-.jpg\" class=\"attachment-custom-image-block size-custom-image-block\" alt=\"\" srcset=\"https:\/\/ginekologijameglic.si\/wp-content\/uploads\/2024\/09\/implant-2-.jpg 1152w, https:\/\/ginekologijameglic.si\/wp-content\/uploads\/2024\/09\/implant-2--300x200.jpg 300w, https:\/\/ginekologijameglic.si\/wp-content\/uploads\/2024\/09\/implant-2--1024x684.jpg 1024w, https:\/\/ginekologijameglic.si\/wp-content\/uploads\/2024\/09\/implant-2--768x513.jpg 768w\" sizes=\"auto, (max-width: 1152px) 100vw, 1152px\" \/>        <\/div>\r\n    <\/div>\r\n<\/div>\n\n\r\n<div id=\"text-block-block_66ded3961bb73\" class=\"block-text-block\">\r\n\r\n    <div class=\"flex-row flex-row--align-h-center\">\r\n\r\n        <div class=\"flex-col-md-6\">\r\n            <p><strong>\u0160ta je kontracepcijski implantat?<\/strong><\/p>\n<p>Kontracepcijski implant je vrsta kontracepcije. Ovo je mali, tanak, fleksibilan \u0161tapi\u0107 koji se ubacuje ispod ko\u017ee na unutarnjoj strani va\u0161e ruke.<\/p>\n<p>Implantat je dug 4 cm i izra\u0111en je od plastike. Stalno osloba\u0111a male koli\u010dine hormona etonogestrela, koji spre\u010dava trudno\u0107u. Etonogestrel je gestagenski hormon.<\/p>\n<p>Implantat mo\u017eete osjetiti ispod ko\u017ee, ali ga obi\u010dno ne vidite.<\/p>\n<p>Kontracepcijski implantat je vrsta reverzibilne kontracepcije dugog djelovanja (LARC).<\/p>\n<p><strong>Kako funkcionira kontracepcijski implant?<\/strong><\/p>\n<p>Hormon u kontracepcijskom implantatu se polako osloba\u0111a u va\u0161e tijelo tokom 3 godine.<\/p>\n<p>Spre\u010dava trudno\u0107u sa:<\/p>\n<ol>\n<li>spre\u010davanjem ovulacije (osloba\u0111anje jajnih \u0107elija iz jajnika)<\/li>\n<\/ol>\n<p>2.zadebljanje sluzi na ulazu u matericu (matericu) tako da sperma ne mo\u017ee da pro\u0111e<\/p>\n<p><strong>Kako se ugra\u0111uje kontracepcijski implantat?<\/strong><\/p>\n<p>Mora ga uvesti kvalifikovani lekar. Zahvat se izvodi pomo\u0107u lokalnog anestetika koji umrtvljuje ko\u017eu tako da ne osje\u0107ate nikakav bol. Specijalnim aplikatorom implantat se ubacuje ispod ko\u017ee unutra\u0161nje strane nadlaktice.Preporu\u010dujemo kori\u0161tenje druge vrste kontracepcije 7 dana nakon ugradnje implantata.Implantat tako\u0111er mora ukloniti ljekar koji je obu\u010den za kori\u0161tenje kontracepcijskih implantata. Implantat se uklanja upotrebom lokalnog anestetika. Istovremeno se mo\u017ee ugraditi novi implantat.<\/p>\n<p><strong>Koliko je kontracepcijski implant pouzdan u sprje\u010davanju trudno\u0107e?<\/strong><\/p>\n<p>Kontracepcijski implantat djeluje jednako efikasno kao kontracepcijska pilula &#8211; manje od 1 od 100 \u017eena koje koriste implant zatrudni.<\/p>\n<p><strong>Ima li nuspojava?<\/strong><\/p>\n<p>1. Nuspojave na mjestu implantacije\u00a0 Modrice ili bol u ruci mogu se pojaviti nakon umetanja ili uklanjanja implantata (Implanon NXT). Tako\u0111e mo\u017ee biti lagano svrbe\u017e nekoliko dana, ali ne biste trebali \u010de\u0161ati ili trljati ko\u017eu. Mo\u017eete imati mali o\u017eiljak na mjestu implantacije.2. Menstrualni ciklusKontracepcijski implantati uzrokuju promjene u menstruaciji. Ve\u0107ina \u017eena smatra da imaju manje menstruacije nego prije, a neke smatraju da im menstruacija potpuno prestaje. Neke od njih mogu imati neredovne menstruacije ili vaginalno krvarenje.Ove promjene nestaju nakon nekoliko mjeseci. 2. Ostale nuspojaveDruge mogu\u0107e nuspojave mogu uklju\u010divati \u200b\u200bglavobolju, akne, promjene raspolo\u017eenja, debljanje, osjetljivost grudi i gubitak libida (interesa za seks).<\/p>\n<p><strong>Koje su prednosti i nedostaci kontraceptivnog implantata?<\/strong><\/p>\n<p>Prednosti implantata:Veoma je efikasan u prevenciji trudno\u0107e.Traje 3 godine, ali se mo\u017ee ukloniti i ranije.Ne ometa seksualnost.Ne morate se sjetiti da uzmete pilulu ili dobijete injekcije.<strong><em>Mo\u017ee se koristiti nakon poro\u0111aja i tokom dojenja.<\/em><\/strong>Ovo \u0107e u\u010diniti va\u0161e menstruacije manje bolnim i lak\u0161im ili \u0107e potpuno prestati.Mo\u017ee pobolj\u0161ati akne.Menstruacija se obi\u010dno vra\u0107a u roku od mjesec dana nakon uklanjanja implantata.Nedostaci kontraceptivnog implantata:\u00a0Mo\u017ee promijeniti obrazac menstruacije ili uzrokovati vaginalno krvarenje, posebno u prva 3 mjeseca.Mo\u017ee uzrokovati blage modrice i bol tokom umetanja ili uklanjanja.Mo\u017ee se pomjeriti iz prvobitnog polo\u017eaja.Mo\u017ee ostaviti mali o\u017eiljak i uzrokovati druge nuspojave.Kontracepcijski implantat ne\u0107e vas za\u0161tititi od polno prenosivih bolesti.<\/p>\n<p><strong>Za koga kontracepcijski implantat nije prikladan?<\/strong><\/p>\n<p>Kontracepcijski implantati nisu prikladni za \u017eene koje su ikada imale rak dojke. Tako\u0111e ga ne biste trebali koristiti ako ste trudni ili mislite da biste mogli biti trudni.Implantat se ne ugra\u0111uje ako imate te\u0161ko oboljenje jetre ili neobja\u0161njivo neobi\u010dno vaginalno krvarenje. Implantat se ranije uklanja ako se tokom njegove upotrebe razviju odre\u0111eni problemi sa srcem ili ako do\u017eivite mo\u017edani udar.<\/p>\n<p>&nbsp;<\/p>\n        <\/div>\r\n\r\n    <\/div>\r\n\r\n<\/div>\r\n","protected":false},"excerpt":{"rendered":"","protected":false},"author":2,"featured_media":0,"parent":0,"menu_order":0,"comment_status":"closed","ping_status":"closed","template":"","meta":{"_acf_changed":false,"footnotes":""},"class_list":["post-2147","page","type-page","status-publish","hentry"],"acf":[],"_links":{"self":[{"href":"https:\/\/ginekologijameglic.si\/sr\/wp-json\/wp\/v2\/pages\/2147","targetHints":{"allow":["GET"]}}],"collection":[{"href":"https:\/\/ginekologijameglic.si\/sr\/wp-json\/wp\/v2\/pages"}],"about":[{"href":"https:\/\/ginekologijameglic.si\/sr\/wp-json\/wp\/v2\/types\/page"}],"author":[{"embeddable":true,"href":"https:\/\/ginekologijameglic.si\/sr\/wp-json\/wp\/v2\/users\/2"}],"replies":[{"embeddable":true,"href":"https:\/\/ginekologijameglic.si\/sr\/wp-json\/wp\/v2\/comments?post=2147"}],"version-history":[{"count":3,"href":"https:\/\/ginekologijameglic.si\/sr\/wp-json\/wp\/v2\/pages\/2147\/revisions"}],"predecessor-version":[{"id":2151,"href":"https:\/\/ginekologijameglic.si\/sr\/wp-json\/wp\/v2\/pages\/2147\/revisions\/2151"}],"wp:attachment":[{"href":"https:\/\/ginekologijameglic.si\/sr\/wp-json\/wp\/v2\/media?parent=2147"}],"curies":[{"name":"wp","href":"https:\/\/api.w.org\/{rel}","templated":true}]}}